{"id":7569,"date":"2025-12-01T15:00:34","date_gmt":"2025-12-01T18:00:34","guid":{"rendered":"https:\/\/pacotedeplanilhas.com\/loja\/?post_type=product&#038;p=7569"},"modified":"2025-12-01T15:32:16","modified_gmt":"2025-12-01T18:32:16","slug":"planilha-dashboard-manutencao-preventiva-1-0-veiculos-ou-equipamentos","status":"publish","type":"product","link":"https:\/\/pacotedeplanilhas.com\/loja\/store\/manutencao\/planilha-dashboard-manutencao-preventiva-1-0-veiculos-ou-equipamentos\/","title":{"rendered":"Planilha Dashboard Manuten\u00e7\u00e3o preventiva 1.0 Ve\u00edculos ou Equipamentos"},"content":{"rendered":"<p>FA\u00c7A O CONTROLE E ACOMPANHAMENTO DE MANUTEN\u00c7\u00c3O PREVENTIVA DA SUA EMPRESA DE MANEIRA SIMPLES E R\u00c1PIDA.<\/p>\n<p>Funcionalidades<\/p>\n<p>Cadatros:<\/p>\n<p>\u2013Placa do ve\u00edculo, ve\u00edculo, operador, tipo de manuten\u00e7\u00e3o, prestador de servi\u00e7os;<\/p>\n<p>Lan\u00e7amentos Manuten\u00e7\u00e3o Planejada:<\/p>\n<p>C\u00e9lulas Manuais em branco:<\/p>\n<p>\u2013Placa do ve\u00edculo, ve\u00edculo, km\u00a0 ou hor\u00edmetro para manuten\u00e7\u00e3o, tipo de manuten\u00e7\u00e3o, data, pestador de servi\u00e7os;<\/p>\n<p>C\u00e9lulas em cinza que tem preenchimento autom\u00e1tico:<\/p>\n<p>\u2013Ve\u00edculo, m\u00eas, ano;<\/p>\n<p>Lan\u00e7amentos<\/p>\n<p>C\u00e9lulas Manuais em branco:<\/p>\n<p>\u2013Data, tipo da opre\u00e7\u00e3o, operador, placa do ve\u00edculo, km\u00a0 ou hor\u00edmetro inicial, km ou hor\u00edmetro final, tempo de opera\u00e7\u00e3o, manuten\u00e7\u00e3o feita;<\/p>\n<p>C\u00e9lulas em cinza que tem preenchimento autom\u00e1tico:<\/p>\n<p>\u2013Ve\u00edculo, km\/horas at\u00e9 a manuten\u00e7\u00e3o, status da manuten\u00e7\u00e3o, m\u00eas, ano;<\/p>\n<p>O dashboard<\/p>\n<p>Valores totais:<\/p>\n<p>\u2013Quantidade manuten\u00e7\u00f5es, quantidade op. ponto de aten\u00e7\u00e3o, quantidade op. vencidas;<\/p>\n<p>Gr\u00e1ficos:<\/p>\n<p>\u2013Quantidade de manuten\u00e7\u00e3o preventivas por m\u00eas, quantidade opera\u00e7\u00f5es vencidas x aten\u00e7\u00e3o, quantidade manuten\u00e7\u00f5es por servi\u00e7o, quantidade de manuten\u00e7\u00e3o por oficina, quantidade manuten\u00e7\u00f5es por placa;<\/p>\n<p>Os filtros em forma de Segmenta\u00e7\u00e3o de dados:<\/p>\n<p>\u2013 Ano, m\u00eas, tipo de manuten\u00e7\u00e3o, placa do ve\u00edculo, prestador de servi\u00e7o;<\/p>\n<p>Planilha 100% edit\u00e1vel<\/p>\n<p>PR\u00c9-REQUISITOS:<br \/>\nTer qualquer vers\u00e3o do EXCEL instalada no computador.<\/p>\n<p>VANTAGENS:<br \/>\nSimplicidade em usar e c\u00e1lculos precisos.<\/p>\n<p>INFORMA\u00c7\u00d5ES \u00daTEIS:<br \/>\nSuporte p\u00f3s-venda, via e-mail, para esclarecer quaisquer d\u00favidas que possam surgir. Planilha original, comercializada pelo pr\u00f3prio desenvolvedor.<\/p>\n<p>Video explicativo da planilha:<\/p>\n<div class=\"ast-oembed-container \" style=\"height: 100%;\"><iframe title=\"Planilha Dashboard Manuten\u00e7\u00e3o preventiva 1.0 Ve\u00edculos ou Equipamentos\" width=\"500\" height=\"281\" src=\"https:\/\/www.youtube.com\/embed\/E5twdMU1kB8?feature=oembed&#038;enablejsapi=1&#038;origin=https:\/\/pacotedeplanilhas.com\" frameborder=\"0\" allow=\"accelerometer; autoplay; clipboard-write; encrypted-media; gyroscope; picture-in-picture; web-share\" referrerpolicy=\"strict-origin-when-cross-origin\" allowfullscreen><\/iframe><\/div>\n","protected":false},"excerpt":{"rendered":"<p style=\"text-align: left;\"><strong>FA\u00c7A O CONTROLE E ACOMPANHAMENTO DE MANUTEN\u00c7\u00c3O PREVENTIVA DA SUA EMPRESA DE MANEIRA SIMPLES E R\u00c1PIDA.<\/strong><\/p>\n","protected":false},"featured_media":7570,"comment_status":"open","ping_status":"closed","template":"","meta":{"site-sidebar-layout":"default","site-content-layout":"default","ast-site-content-layout":"default","site-content-style":"default","site-sidebar-style":"default","ast-global-header-display":"","ast-banner-title-visibility":"","ast-main-header-display":"","ast-hfb-above-header-display":"","ast-hfb-below-header-display":"","ast-hfb-mobile-header-display":"","site-post-title":"","ast-breadcrumbs-content":"","ast-featured-img":"","footer-sml-layout":"","theme-transparent-header-meta":"default","adv-header-id-meta":"","stick-header-meta":"","header-above-stick-meta":"","header-main-stick-meta":"","header-below-stick-meta":"","astra-migrate-meta-layouts":"set","ast-page-background-enabled":"default","ast-page-background-meta":{"desktop":{"background-color":"","background-image":"","background-repeat":"repeat","background-position":"center center","background-size":"auto","background-attachment":"scroll","background-type":"","background-media":"","overlay-type":"","overlay-color":"","overlay-opacity":"","overlay-gradient":""},"tablet":{"background-color":"","background-image":"","background-repeat":"repeat","background-position":"center center","background-size":"auto","background-attachment":"scroll","background-type":"","background-media":"","overlay-type":"","overlay-color":"","overlay-opacity":"","overlay-gradient":""},"mobile":{"background-color":"","background-image":"","background-repeat":"repeat","background-position":"center center","background-size":"auto","background-attachment":"scroll","background-type":"","background-media":"","overlay-type":"","overlay-color":"","overlay-opacity":"","overlay-gradient":""}},"ast-content-background-meta":{"desktop":{"background-color":"var(--ast-global-color-5)","background-image":"","background-repeat":"repeat","background-position":"center center","background-size":"auto","background-attachment":"scroll","background-type":"","background-media":"","overlay-type":"","overlay-color":"","overlay-opacity":"","overlay-gradient":""},"tablet":{"background-color":"var(--ast-global-color-5)","background-image":"","background-repeat":"repeat","background-position":"center center","background-size":"auto","background-attachment":"scroll","background-type":"","background-media":"","overlay-type":"","overlay-color":"","overlay-opacity":"","overlay-gradient":""},"mobile":{"background-color":"var(--ast-global-color-5)","background-image":"","background-repeat":"repeat","background-position":"center center","background-size":"auto","background-attachment":"scroll","background-type":"","background-media":"","overlay-type":"","overlay-color":"","overlay-opacity":"","overlay-gradient":""}}},"product_brand":[],"product_cat":[993,120],"product_tag":[909,446,188,682,2456,2450,2451,2457,2453,2449,2454,2446,2448,2447,2452,2455],"class_list":{"0":"post-7569","1":"product","2":"type-product","3":"status-publish","4":"has-post-thumbnail","6":"product_cat-manutencao","7":"product_cat-planilhas-em-excel","8":"product_tag-controle-de-manutencao","9":"product_tag-controle-de-veiculos","10":"product_tag-dashboard-manutencao","11":"product_tag-gestao-de-manutencao","12":"product_tag-manutencao-automotiva","13":"product_tag-manutencao-corretiva-e-preventiva","14":"product_tag-manutencao-de-caminhoes","15":"product_tag-manutencao-preventiva-veiculos","16":"product_tag-planilha-de-acompanhamento-de-manutencao","17":"product_tag-planilha-de-oficina","18":"product_tag-planilha-excel-manutencao","19":"product_tag-planilha-manutencao-preventiva","20":"product_tag-planilha-manutencao-preventiva-excel","21":"product_tag-planilha-manutencao-veiculos","22":"product_tag-planilha-preventiva","23":"product_tag-planilha-preventiva-excel","24":"desktop-align-left","25":"tablet-align-left","26":"mobile-align-left","28":"first","29":"instock","30":"virtual","31":"purchasable","32":"product-type-simple"},"_links":{"self":[{"href":"https:\/\/pacotedeplanilhas.com\/loja\/wp-json\/wp\/v2\/product\/7569","targetHints":{"allow":["GET"]}}],"collection":[{"href":"https:\/\/pacotedeplanilhas.com\/loja\/wp-json\/wp\/v2\/product"}],"about":[{"href":"https:\/\/pacotedeplanilhas.com\/loja\/wp-json\/wp\/v2\/types\/product"}],"replies":[{"embeddable":true,"href":"https:\/\/pacotedeplanilhas.com\/loja\/wp-json\/wp\/v2\/comments?post=7569"}],"version-history":[{"count":2,"href":"https:\/\/pacotedeplanilhas.com\/loja\/wp-json\/wp\/v2\/product\/7569\/revisions"}],"predecessor-version":[{"id":7576,"href":"https:\/\/pacotedeplanilhas.com\/loja\/wp-json\/wp\/v2\/product\/7569\/revisions\/7576"}],"wp:featuredmedia":[{"embeddable":true,"href":"https:\/\/pacotedeplanilhas.com\/loja\/wp-json\/wp\/v2\/media\/7570"}],"wp:attachment":[{"href":"https:\/\/pacotedeplanilhas.com\/loja\/wp-json\/wp\/v2\/media?parent=7569"}],"wp:term":[{"taxonomy":"product_brand","embeddable":true,"href":"https:\/\/pacotedeplanilhas.com\/loja\/wp-json\/wp\/v2\/product_brand?post=7569"},{"taxonomy":"product_cat","embeddable":true,"href":"https:\/\/pacotedeplanilhas.com\/loja\/wp-json\/wp\/v2\/product_cat?post=7569"},{"taxonomy":"product_tag","embeddable":true,"href":"https:\/\/pacotedeplanilhas.com\/loja\/wp-json\/wp\/v2\/product_tag?post=7569"}],"curies":[{"name":"wp","href":"https:\/\/api.w.org\/{rel}","templated":true}]}}