{"id":7587,"date":"2025-12-08T15:06:39","date_gmt":"2025-12-08T18:06:39","guid":{"rendered":"https:\/\/pacotedeplanilhas.com\/loja\/?post_type=product&#038;p=7587"},"modified":"2025-12-08T15:48:51","modified_gmt":"2025-12-08T18:48:51","slug":"dashboard-absenteismo-2-0-no-power-bi","status":"publish","type":"product","link":"https:\/\/pacotedeplanilhas.com\/loja\/store\/power-bi\/dashboard-absenteismo-2-0-no-power-bi\/","title":{"rendered":"Dashboard Absente\u00edsmo 2.0 no Power BI"},"content":{"rendered":"<p>FA\u00c7A O CONTROLE E ACOMPANHAMENTO DE GEST\u00c3O DE ABSENTE\u00cdMO DA SUA EMPRESA DE MANEIRA SIMPLES E R\u00c1PIDA.<\/p>\n<p><em><span style=\"font-size: 14pt;\">Funcionalidades<\/span><\/em><\/p>\n<p><em><strong>Cadastros:<\/strong><\/em><\/p>\n<p><em>C\u00e9lulas Manuais em branco:<\/em><\/p>\n<p>\u2013Empresa, turno, setot, cargo, tipo de contrato, escala, tipo de ocorr\u00eancia, matricula, nome do funcion\u00e1rio, g\u00eanero, data de nascimento, data de admiss\u00e3o;<\/p>\n<p><em>C\u00e9lulas em cinza que tem preenchimento autom\u00e1tico:<\/em><\/p>\n<p>\u2013Idade, tem de empresa;<\/p>\n<p><strong>Lan\u00e7amentos Jornada Prevista:<\/strong><\/p>\n<p><em>C\u00e9lulas Manuais em branco:<\/em><\/p>\n<p>\u2013Matricula, data prevista, dias \u00fateis, carga hor\u00e1ria, empresa, setor, cargo, turno, escala, tipo de contrato, sal\u00e1rio;<\/p>\n<p><em>C\u00e9lulas em cinza que tem preenchimento autom\u00e1tico<\/em><\/p>\n<p>\u2013Funcion\u00e1rios, horas prevista no m\u00eas, sal\u00e1rio\/hora, m\u00eas\/ano;<\/p>\n<p><strong>Lan\u00e7amentos Ocorr\u00eancias:<\/strong><\/p>\n<p><em>C\u00e9lulas Manuais em branco:<\/em><\/p>\n<p>\u2013Id ocorr\u00eancia, data da ocorr\u00eancia, matricula, tipo de ocorr~encia, motivo, cid, justificado, horas aus\u00eancias, observa\u00e7\u00e3o;<\/p>\n<p><em>C\u00e9lulas em cinza que tem preenchimento autom\u00e1tico<\/em><\/p>\n<p>\u2013Dia da semana, nome, empresa, setor, cargo, turno, escala, tipo de contrato, horas previstas, sal\u00e1rio, sal\u00e1rio\/hora, m\u00eas\/ano;<\/p>\n<p><strong>Meta:<\/strong><\/p>\n<p>\u2013Empresa, meta, data;<\/p>\n<p><span style=\"font-size: 14pt;\"><em>Dashboard Absente\u00edsmo<\/em><\/span><\/p>\n<p><strong>Valores totais:<\/strong><\/p>\n<p>\u2013Horas previstas, horas ausentes, horas ausentes com justificativa, absente\u00edsmo geral, absente\u00edsmo com justificativa, absente\u00edsmo sem justificativa, meta geral;<\/p>\n<p><strong>Gr\u00e1ficos:<\/strong><\/p>\n<p>\u2013Absente\u00edsmo x meta geral por m\u00eas, absente\u00edsmo por g\u00eanero, absente\u00edsmo por ocorr\u00eancia, absente\u00edsmo por turno, absente\u00edsmo por setor;<\/p>\n<p><strong>Os filtros em forma de Segmenta\u00e7\u00e3o de dados:<\/strong><\/p>\n<p>\u2013Ano, m\u00eas, empresa, matricula, nome, g\u00eanero, setor, cargo, turno;<\/p>\n<p><span style=\"font-size: 14pt;\"><em>Dashboard Ocorr\u00eancias<\/em><\/span><\/p>\n<p><strong>Valores totais:<\/strong><\/p>\n<p>\u2013Quantidade de funcion\u00e1rios, idade m\u00e9dia dos funcion\u00e1rios, tempo de empresa, quantidade masculino, quantidade feminino, quantidade de ocorr\u00eancias, ocorr\u00eancias justificadas, ocorr\u00eancias n\u00e3o justificadas, absente\u00edsmo geral;<\/p>\n<p><strong>Gr\u00e1ficos:<\/strong><\/p>\n<p>\u2013Quantidade de ocorr\u00eancias por m\u00eas, quantidade ocorr\u00eancias por g\u00eanero, quantidade ocorr\u00eancias por motivo, quantidade ocorr\u00eanciaspor tipo, quantidade ocorr\u00eancias por cid;<\/p>\n<p><strong>Os filtros em forma de Segmenta\u00e7\u00e3o de dados:<\/strong><\/p>\n<p>\u2013Ano, m\u00eas, empresa, matricula, nome, g\u00eanero, setor, cargo, turno;<\/p>\n<p><span style=\"font-size: 14pt;\"><em>Dashboard Financeiro<\/em><\/span><\/p>\n<p><strong>Valores totais:<\/strong><\/p>\n<p>\u2013Horas previstas, horas ausentes, horas ausentes com justificativa, horas ausentes sem justificativa, custos com sal\u00e1rios, custo por horas ausentes, % custo horas ausentes, absente\u00edsmo geral;<\/p>\n<p><strong>Gr\u00e1ficos:<\/strong><\/p>\n<p>\u2013Custo de horas ausentes por m\u00eas, custo hora ausente por setor, custo horas ausentes por turno, custo horas ausentes por cargo;<\/p>\n<p><strong>Os filtros em forma de Segmenta\u00e7\u00e3o de dados:<\/strong><\/p>\n<p>\u2013Ano, m\u00eas, empresa, matricula, nome, g\u00eanero, setor, cargo, turno;<\/p>\n<p><span style=\"font-size: 14pt;\"><em>Relat\u00f3rio<\/em><\/span><\/p>\n<p>\u2013M\u00eas, horas previstas, horas ausentes, absente\u00edsmo geral, meta geral%, custo por horas ausentes, desempenho;<\/p>\n<p><strong>Os filtros em forma de Segmenta\u00e7\u00e3o de dados:<\/strong><\/p>\n<p>\u2013Ano, m\u00eas, empresa, matricula, nome, g\u00eanero, setor, cargo, turno;<\/p>\n<p><strong>Planilha 100% edit\u00e1vel<\/strong><\/p>\n<p><strong>PR\u00c9-REQUISITOS:<\/strong><br \/>\nTer qualquer vers\u00e3o do EXCEL instalada no computador.<\/p>\n<p><strong>VANTAGENS:<\/strong><br \/>\nSimplicidade em usar e c\u00e1lculos precisos.<\/p>\n<p><strong>INFORMA\u00c7\u00d5ES \u00daTEIS:<\/strong><br \/>\nSuporte p\u00f3s-venda, via e-mail, para esclarecer quaisquer d\u00favidas que possam surgir. Planilha original, comercializada pelo pr\u00f3prio desenvolvedor.<\/p>\n<p><strong>Video explicativo da planilha:<\/strong><\/p>\n<div class=\"ast-oembed-container \" style=\"height: 100%;\"><iframe title=\"Dashboard Absente\u00edsmo 2.0 no Power BI\" width=\"500\" height=\"281\" src=\"https:\/\/www.youtube.com\/embed\/-f9Ge26-tEo?feature=oembed&#038;enablejsapi=1&#038;origin=https:\/\/pacotedeplanilhas.com\" frameborder=\"0\" allow=\"accelerometer; autoplay; clipboard-write; encrypted-media; gyroscope; picture-in-picture; web-share\" referrerpolicy=\"strict-origin-when-cross-origin\" allowfullscreen><\/iframe><\/div>\n","protected":false},"excerpt":{"rendered":"<p>FA\u00c7A O CONTROLE E ACOMPANHAMENTO DE GEST\u00c3O DE ABSENTE\u00cdMO DA SUA EMPRESA DE MANEIRA SIMPLES E R\u00c1PIDA.<\/p>\n","protected":false},"featured_media":7589,"comment_status":"open","ping_status":"closed","template":"","meta":{"site-sidebar-layout":"default","site-content-layout":"default","ast-site-content-layout":"default","site-content-style":"default","site-sidebar-style":"default","ast-global-header-display":"","ast-banner-title-visibility":"","ast-main-header-display":"","ast-hfb-above-header-display":"","ast-hfb-below-header-display":"","ast-hfb-mobile-header-display":"","site-post-title":"","ast-breadcrumbs-content":"","ast-featured-img":"","footer-sml-layout":"","theme-transparent-header-meta":"default","adv-header-id-meta":"","stick-header-meta":"","header-above-stick-meta":"","header-main-stick-meta":"","header-below-stick-meta":"","astra-migrate-meta-layouts":"set","ast-page-background-enabled":"default","ast-page-background-meta":{"desktop":{"background-color":"","background-image":"","background-repeat":"repeat","background-position":"center center","background-size":"auto","background-attachment":"scroll","background-type":"","background-media":"","overlay-type":"","overlay-color":"","overlay-opacity":"","overlay-gradient":""},"tablet":{"background-color":"","background-image":"","background-repeat":"repeat","background-position":"center center","background-size":"auto","background-attachment":"scroll","background-type":"","background-media":"","overlay-type":"","overlay-color":"","overlay-opacity":"","overlay-gradient":""},"mobile":{"background-color":"","background-image":"","background-repeat":"repeat","background-position":"center center","background-size":"auto","background-attachment":"scroll","background-type":"","background-media":"","overlay-type":"","overlay-color":"","overlay-opacity":"","overlay-gradient":""}},"ast-content-background-meta":{"desktop":{"background-color":"var(--ast-global-color-5)","background-image":"","background-repeat":"repeat","background-position":"center center","background-size":"auto","background-attachment":"scroll","background-type":"","background-media":"","overlay-type":"","overlay-color":"","overlay-opacity":"","overlay-gradient":""},"tablet":{"background-color":"var(--ast-global-color-5)","background-image":"","background-repeat":"repeat","background-position":"center center","background-size":"auto","background-attachment":"scroll","background-type":"","background-media":"","overlay-type":"","overlay-color":"","overlay-opacity":"","overlay-gradient":""},"mobile":{"background-color":"var(--ast-global-color-5)","background-image":"","background-repeat":"repeat","background-position":"center center","background-size":"auto","background-attachment":"scroll","background-type":"","background-media":"","overlay-type":"","overlay-color":"","overlay-opacity":"","overlay-gradient":""}}},"product_brand":[],"product_cat":[176,990],"product_tag":[2461,1642,2462,1142,1137,1156,2458,2466,1200,721,566,2262,556,2463,195,2459,2460,2464,2465,191],"class_list":{"0":"post-7587","1":"product","2":"type-product","3":"status-publish","4":"has-post-thumbnail","6":"product_cat-power-bi","7":"product_cat-recursos-humanos","8":"product_tag-absenteismo-com-justificativa","9":"product_tag-absenteismo-power-bi","10":"product_tag-absenteismo-sem-justificativa","11":"product_tag-analise-de-absenteismo","12":"product_tag-controle-de-absenteismo","13":"product_tag-controle-de-faltas","14":"product_tag-dashboard-absenteismo","15":"product_tag-dashboard-absenteismo-power-bi","16":"product_tag-dashboard-de-rh","17":"product_tag-dashboard-excel","18":"product_tag-dashboard-interativo","19":"product_tag-dashboard-recursos-humanos","20":"product_tag-gestao-de-rh","21":"product_tag-indicadores-de-produtividade","22":"product_tag-indicadores-de-rh","23":"product_tag-planilha-absenteismo","24":"product_tag-planilha-recursos-humanos","25":"product_tag-power-bi-indicadores-rh","26":"product_tag-power-bi-profissional","27":"product_tag-power-bi-rh","28":"desktop-align-left","29":"tablet-align-left","30":"mobile-align-left","32":"first","33":"instock","34":"virtual","35":"purchasable","36":"product-type-simple"},"_links":{"self":[{"href":"https:\/\/pacotedeplanilhas.com\/loja\/wp-json\/wp\/v2\/product\/7587","targetHints":{"allow":["GET"]}}],"collection":[{"href":"https:\/\/pacotedeplanilhas.com\/loja\/wp-json\/wp\/v2\/product"}],"about":[{"href":"https:\/\/pacotedeplanilhas.com\/loja\/wp-json\/wp\/v2\/types\/product"}],"replies":[{"embeddable":true,"href":"https:\/\/pacotedeplanilhas.com\/loja\/wp-json\/wp\/v2\/comments?post=7587"}],"version-history":[{"count":2,"href":"https:\/\/pacotedeplanilhas.com\/loja\/wp-json\/wp\/v2\/product\/7587\/revisions"}],"predecessor-version":[{"id":7600,"href":"https:\/\/pacotedeplanilhas.com\/loja\/wp-json\/wp\/v2\/product\/7587\/revisions\/7600"}],"wp:featuredmedia":[{"embeddable":true,"href":"https:\/\/pacotedeplanilhas.com\/loja\/wp-json\/wp\/v2\/media\/7589"}],"wp:attachment":[{"href":"https:\/\/pacotedeplanilhas.com\/loja\/wp-json\/wp\/v2\/media?parent=7587"}],"wp:term":[{"taxonomy":"product_brand","embeddable":true,"href":"https:\/\/pacotedeplanilhas.com\/loja\/wp-json\/wp\/v2\/product_brand?post=7587"},{"taxonomy":"product_cat","embeddable":true,"href":"https:\/\/pacotedeplanilhas.com\/loja\/wp-json\/wp\/v2\/product_cat?post=7587"},{"taxonomy":"product_tag","embeddable":true,"href":"https:\/\/pacotedeplanilhas.com\/loja\/wp-json\/wp\/v2\/product_tag?post=7587"}],"curies":[{"name":"wp","href":"https:\/\/api.w.org\/{rel}","templated":true}]}}