{"id":7659,"date":"2026-01-05T16:59:44","date_gmt":"2026-01-05T19:59:44","guid":{"rendered":"https:\/\/pacotedeplanilhas.com\/loja\/?post_type=product&#038;p=7659"},"modified":"2026-01-05T17:11:39","modified_gmt":"2026-01-05T20:11:39","slug":"curso-do-zero-ao-dashboard-absenteismo-no-power-bi","status":"publish","type":"product","link":"https:\/\/pacotedeplanilhas.com\/loja\/store\/cursos\/curso-do-zero-ao-dashboard-absenteismo-no-power-bi\/","title":{"rendered":"Curso do Zero ao Dashboard &#8211; Absente\u00edsmo no Power BI"},"content":{"rendered":"<h2>Criando Dashboards Profissionais no Power BI: Absente\u00edsmo<\/h2>\n<p>&nbsp;<\/p>\n<p>Quer aprender a criar dashboards profissionais no Power BI de forma r\u00e1pida e objetiva? O curso <strong>Criando Dashboards Profissionais no Power BI: Absente\u00edsmo<\/strong>. \u00e9 a solu\u00e7\u00e3o perfeita para voc\u00ea! Desenvolvido para quem deseja se tornar um expert em visualiza\u00e7\u00e3o de dados e dashboards, este curso \u00e9 focado em ensinar tudo o que voc\u00ea precisa saber para criar dashboards controle de manuten\u00e7\u00e3o impressionantes no Power BI, de maneira pr\u00e1tica e direta.<\/p>\n<h3>O que voc\u00ea vai aprender?<\/h3>\n<p>O curso \u00e9 dividido em quinze partes, cada um projetado para fornecer conhecimento e habilidades essenciais para criar o projeto no Power BI. Veja o que voc\u00ea aprender\u00e1 em cada m\u00f3dulo:<\/p>\n<h3 data-start=\"0\" data-end=\"65\">Parte 1 \u2013 Entendendo a Base de dados do Projeto Absente\u00edsmo<\/h3>\n<ul data-start=\"66\" data-end=\"305\">\n<li data-start=\"66\" data-end=\"158\">\n<p data-start=\"68\" data-end=\"158\">Apresenta\u00e7\u00e3o da base de dados do absente\u00edsmo (funcion\u00e1rios, ocorr\u00eancias, datas e horas).<\/p>\n<\/li>\n<li data-start=\"159\" data-end=\"233\">\n<p data-start=\"161\" data-end=\"233\">Explica\u00e7\u00e3o dos campos principais e do que ser\u00e1 analisado no dashboard.<\/p>\n<\/li>\n<li data-start=\"234\" data-end=\"305\">\n<p data-start=\"236\" data-end=\"305\">Conex\u00e3o do Power BI com a fonte de dados para facilitar atualiza\u00e7\u00f5es.<\/p>\n<\/li>\n<\/ul>\n<h3 data-start=\"307\" data-end=\"364\">Parte 2 \u2013 Tratamento de Dados \u2013 Projeto Absente\u00edsmo<\/h3>\n<ul data-start=\"365\" data-end=\"555\">\n<li data-start=\"365\" data-end=\"417\">\n<p data-start=\"367\" data-end=\"417\">Limpeza e padroniza\u00e7\u00e3o dos dados no Power Query.<\/p>\n<\/li>\n<li data-start=\"418\" data-end=\"492\">\n<p data-start=\"420\" data-end=\"492\">Ajustes de tipos (data, texto, n\u00fameros) e corre\u00e7\u00e3o de inconsist\u00eancias.<\/p>\n<\/li>\n<li data-start=\"493\" data-end=\"555\">\n<p data-start=\"495\" data-end=\"555\">Prepara\u00e7\u00e3o das colunas para c\u00e1lculos e an\u00e1lises no Power BI.<\/p>\n<\/li>\n<\/ul>\n<h3 data-start=\"557\" data-end=\"628\">Parte 3 \u2013 Configurando a Tabela DCalendario \u2013 Projeto Absente\u00edsmo<\/h3>\n<ul data-start=\"629\" data-end=\"835\">\n<li data-start=\"629\" data-end=\"691\">\n<p data-start=\"631\" data-end=\"691\">Cria\u00e7\u00e3o e configura\u00e7\u00e3o da tabela calend\u00e1rio (DCalendario).<\/p>\n<\/li>\n<li data-start=\"692\" data-end=\"756\">\n<p data-start=\"694\" data-end=\"756\">Colunas essenciais: Ano, M\u00eas, M\u00eas\/Ano, Trimestre, Data, etc.<\/p>\n<\/li>\n<li data-start=\"757\" data-end=\"835\">\n<p data-start=\"759\" data-end=\"835\">Relacionamento da DCalendario com a(s) tabela(s) de lan\u00e7amentos\/ocorr\u00eancias.<\/p>\n<\/li>\n<\/ul>\n<h3 data-start=\"837\" data-end=\"883\">Parte 4 \u2013 Criando Medidas de Absente\u00edsmo<\/h3>\n<ul data-start=\"884\" data-end=\"1089\">\n<li data-start=\"884\" data-end=\"956\">\n<p data-start=\"886\" data-end=\"956\">Cria\u00e7\u00e3o das primeiras medidas (DAX) para indicadores de absente\u00edsmo.<\/p>\n<\/li>\n<li data-start=\"957\" data-end=\"1037\">\n<p data-start=\"959\" data-end=\"1037\">C\u00e1lculos base: total de horas ausentes, total de ocorr\u00eancias, totais gerais.<\/p>\n<\/li>\n<li data-start=\"1038\" data-end=\"1089\">\n<p data-start=\"1040\" data-end=\"1089\">Prepara\u00e7\u00e3o dos indicadores para cards e gr\u00e1ficos.<\/p>\n<\/li>\n<\/ul>\n<h3 data-start=\"1091\" data-end=\"1144\">Parte 5 \u2013 Medidas parte 2 \u2013 Projeto Absente\u00edsmo<\/h3>\n<ul data-start=\"1145\" data-end=\"1353\">\n<li data-start=\"1145\" data-end=\"1206\">\n<p data-start=\"1147\" data-end=\"1206\">Evolu\u00e7\u00e3o das medidas com regras e filtros mais completos.<\/p>\n<\/li>\n<li data-start=\"1207\" data-end=\"1286\">\n<p data-start=\"1209\" data-end=\"1286\">Indicadores por setor, funcion\u00e1rio, tipo de ocorr\u00eancia, justificativa, etc.<\/p>\n<\/li>\n<li data-start=\"1287\" data-end=\"1353\">\n<p data-start=\"1289\" data-end=\"1353\">Ajustes para medidas ficarem consistentes em diferentes visuais.<\/p>\n<\/li>\n<\/ul>\n<h3 data-start=\"1355\" data-end=\"1409\">Parte 6 \u2013 Medidas de Tempo \u2013 Projeto Absente\u00edsmo<\/h3>\n<ul data-start=\"1410\" data-end=\"1612\">\n<li data-start=\"1410\" data-end=\"1482\">\n<p data-start=\"1412\" data-end=\"1482\">Medidas com intelig\u00eancia de tempo: m\u00eas atual, ano atual, acumulados.<\/p>\n<\/li>\n<li data-start=\"1483\" data-end=\"1545\">\n<p data-start=\"1485\" data-end=\"1545\">Comparativos (ex.: m\u00eas anterior, ano anterior, varia\u00e7\u00f5es).<\/p>\n<\/li>\n<li data-start=\"1546\" data-end=\"1612\">\n<p data-start=\"1548\" data-end=\"1612\">Prepara\u00e7\u00e3o para an\u00e1lises de tend\u00eancia e evolu\u00e7\u00e3o do absente\u00edsmo.<\/p>\n<\/li>\n<\/ul>\n<h3 data-start=\"1614\" data-end=\"1678\">Parte 7 \u2013 Colocando fundo no projeto e Cards \u2013 Absente\u00edsmo<\/h3>\n<ul data-start=\"1679\" data-end=\"1872\">\n<li data-start=\"1679\" data-end=\"1751\">\n<p data-start=\"1681\" data-end=\"1751\">Montagem do layout do dashboard (plano de fundo, identidade visual).<\/p>\n<\/li>\n<li data-start=\"1752\" data-end=\"1806\">\n<p data-start=\"1754\" data-end=\"1806\">Cria\u00e7\u00e3o e organiza\u00e7\u00e3o dos cards superiores (KPIs).<\/p>\n<\/li>\n<li data-start=\"1807\" data-end=\"1872\">\n<p data-start=\"1809\" data-end=\"1872\">Ajustes de alinhamento, espa\u00e7amento e visual mais profissional.<\/p>\n<\/li>\n<\/ul>\n<h3 data-start=\"1874\" data-end=\"1921\">Parte 8 \u2013 Gr\u00e1ficos Projeto de Absente\u00edsmo<\/h3>\n<ul data-start=\"1922\" data-end=\"2108\">\n<li data-start=\"1922\" data-end=\"1972\">\n<p data-start=\"1924\" data-end=\"1972\">Constru\u00e7\u00e3o dos gr\u00e1ficos principais do projeto.<\/p>\n<\/li>\n<li data-start=\"1973\" data-end=\"2055\">\n<p data-start=\"1975\" data-end=\"2055\">Visuais para an\u00e1lise por per\u00edodo, por setor, por funcion\u00e1rio e por ocorr\u00eancia.<\/p>\n<\/li>\n<li data-start=\"2056\" data-end=\"2108\">\n<p data-start=\"2058\" data-end=\"2108\">Ajustes de formata\u00e7\u00e3o para leitura r\u00e1pida e clara.<\/p>\n<\/li>\n<\/ul>\n<h3 data-start=\"2110\" data-end=\"2156\">Parte 9 \u2013 Colocando Filtros no Dashboard<\/h3>\n<ul data-start=\"2157\" data-end=\"2339\">\n<li data-start=\"2157\" data-end=\"2217\">\n<p data-start=\"2159\" data-end=\"2217\">Inser\u00e7\u00e3o de segmentadores (slicers) e filtros din\u00e2micos.<\/p>\n<\/li>\n<li data-start=\"2218\" data-end=\"2288\">\n<p data-start=\"2220\" data-end=\"2288\">Filtros por Ano, M\u00eas, Setor, Funcion\u00e1rio, Tipo de Ocorr\u00eancia, etc.<\/p>\n<\/li>\n<li data-start=\"2289\" data-end=\"2339\">\n<p data-start=\"2291\" data-end=\"2339\">Estrutura para navega\u00e7\u00e3o e an\u00e1lise mais pr\u00e1tica.<\/p>\n<\/li>\n<\/ul>\n<h3 data-start=\"2341\" data-end=\"2383\">Parte 10 \u2013 Ajustando a base de dados<\/h3>\n<ul data-start=\"2384\" data-end=\"2616\">\n<li data-start=\"2384\" data-end=\"2456\">\n<p data-start=\"2386\" data-end=\"2456\">Revis\u00e3o da base ap\u00f3s visualiza\u00e7\u00f5es prontas (o que precisa melhorar).<\/p>\n<\/li>\n<li data-start=\"2457\" data-end=\"2536\">\n<p data-start=\"2459\" data-end=\"2536\">Ajustes em colunas, padroniza\u00e7\u00e3o de valores e cria\u00e7\u00e3o de campos auxiliares.<\/p>\n<\/li>\n<li data-start=\"2537\" data-end=\"2616\">\n<p data-start=\"2539\" data-end=\"2616\">Garantia de consist\u00eancia dos resultados (medidas + relacionamento + filtros).<\/p>\n<\/li>\n<\/ul>\n<h3 data-start=\"2618\" data-end=\"2664\">Parte 11 \u2013 Colocando bot\u00f5es nos gr\u00e1ficos<\/h3>\n<ul data-start=\"2665\" data-end=\"2839\">\n<li data-start=\"2665\" data-end=\"2726\">\n<p data-start=\"2667\" data-end=\"2726\">Cria\u00e7\u00e3o de bot\u00f5es para melhorar a intera\u00e7\u00e3o com o painel.<\/p>\n<\/li>\n<li data-start=\"2727\" data-end=\"2784\">\n<p data-start=\"2729\" data-end=\"2784\">Altern\u00e2ncia de visuais\/p\u00e1ginas e navega\u00e7\u00e3o intuitiva.<\/p>\n<\/li>\n<li data-start=\"2785\" data-end=\"2839\">\n<p data-start=\"2787\" data-end=\"2839\">Ajustes de estilo e comportamento (a\u00e7\u00f5es e estados).<\/p>\n<\/li>\n<\/ul>\n<h3 data-start=\"2841\" data-end=\"2879\">Parte 12 \u2013 Dashboard Ocorr\u00eancias<\/h3>\n<ul data-start=\"2880\" data-end=\"3098\">\n<li data-start=\"2880\" data-end=\"2965\">\n<p data-start=\"2882\" data-end=\"2965\">Constru\u00e7\u00e3o de uma p\u00e1gina focada nas ocorr\u00eancias (faltas, atrasos, motivos, etc.).<\/p>\n<\/li>\n<li data-start=\"2966\" data-end=\"3040\">\n<p data-start=\"2968\" data-end=\"3040\">An\u00e1lises detalhadas por tipo de ocorr\u00eancia, frequ\u00eancia e distribui\u00e7\u00e3o.<\/p>\n<\/li>\n<li data-start=\"3041\" data-end=\"3098\">\n<p data-start=\"3043\" data-end=\"3098\">Visuais voltados para investiga\u00e7\u00e3o e tomada de decis\u00e3o.<\/p>\n<\/li>\n<\/ul>\n<h3 data-start=\"3100\" data-end=\"3153\">Parte 13 \u2013 Colocando varia\u00e7\u00e3o mensal no gr\u00e1fico<\/h3>\n<ul data-start=\"3154\" data-end=\"3352\">\n<li data-start=\"3154\" data-end=\"3217\">\n<p data-start=\"3156\" data-end=\"3217\">Cria\u00e7\u00e3o do comparativo m\u00eas a m\u00eas (MoM) dentro dos gr\u00e1ficos.<\/p>\n<\/li>\n<li data-start=\"3218\" data-end=\"3295\">\n<p data-start=\"3220\" data-end=\"3295\">Medidas para varia\u00e7\u00e3o (diferen\u00e7a e\/ou percentual) e leitura de tend\u00eancia.<\/p>\n<\/li>\n<li data-start=\"3296\" data-end=\"3352\">\n<p data-start=\"3298\" data-end=\"3352\">Destaque de aumento\/redu\u00e7\u00e3o do absente\u00edsmo no per\u00edodo.<\/p>\n<\/li>\n<\/ul>\n<h3 data-start=\"3354\" data-end=\"3391\">Parte 14 \u2013 Dashboard Financeiro<\/h3>\n<ul data-start=\"3392\" data-end=\"3581\">\n<li data-start=\"3392\" data-end=\"3456\">\n<p data-start=\"3394\" data-end=\"3456\">Montagem de um painel financeiro relacionado ao absente\u00edsmo.<\/p>\n<\/li>\n<li data-start=\"3457\" data-end=\"3522\">\n<p data-start=\"3459\" data-end=\"3522\">Indicadores de impacto\/custo (conforme estrutura do projeto).<\/p>\n<\/li>\n<li data-start=\"3523\" data-end=\"3581\">\n<p data-start=\"3525\" data-end=\"3581\">Visualiza\u00e7\u00f5es para entendimento do impacto no resultado.<\/p>\n<\/li>\n<\/ul>\n<h3 data-start=\"3583\" data-end=\"3632\">Parte 15 \u2013 Finalizando Dashboard Financeiro<\/h3>\n<ul data-start=\"3633\" data-end=\"3837\">\n<li data-start=\"3633\" data-end=\"3713\">\n<p data-start=\"3635\" data-end=\"3713\">Ajustes finais: formata\u00e7\u00e3o, consist\u00eancia dos n\u00fameros, filtros e usabilidade.<\/p>\n<\/li>\n<li data-start=\"3714\" data-end=\"3777\">\n<p data-start=\"3716\" data-end=\"3777\">Melhoria de layout, t\u00edtulos din\u00e2micos e organiza\u00e7\u00e3o visual.<\/p>\n<\/li>\n<li data-start=\"3778\" data-end=\"3837\">\n<p data-start=\"3780\" data-end=\"3837\">Prepara\u00e7\u00e3o do painel para apresenta\u00e7\u00e3o ao cliente\/gest\u00e3o.<\/p>\n<\/li>\n<\/ul>\n<h3 data-start=\"3839\" data-end=\"3880\">Parte 16 \u2013 Relat\u00f3rio de Absente\u00edsmo<\/h3>\n<ul data-start=\"3881\" data-end=\"4091\">\n<li data-start=\"3881\" data-end=\"3958\">\n<p data-start=\"3883\" data-end=\"3958\">Cria\u00e7\u00e3o de uma p\u00e1gina de relat\u00f3rio (vis\u00e3o mais \u201cexecutiva\u201d ou detalhada).<\/p>\n<\/li>\n<li data-start=\"3959\" data-end=\"4028\">\n<p data-start=\"3961\" data-end=\"4028\">Estrutura de leitura: principais KPIs + detalhamento por filtros.<\/p>\n<\/li>\n<li data-start=\"4029\" data-end=\"4091\">\n<p data-start=\"4031\" data-end=\"4091\">Organiza\u00e7\u00e3o para impress\u00e3o\/compartilhamento (se necess\u00e1rio).<\/p>\n<\/li>\n<\/ul>\n<h3 data-start=\"4093\" data-end=\"4137\">Parte 17 \u2013 Inserindo bot\u00f5es no Projeto<\/h3>\n<ul data-start=\"4138\" data-end=\"4348\">\n<li data-start=\"4138\" data-end=\"4212\">\n<p data-start=\"4140\" data-end=\"4212\">Finaliza\u00e7\u00e3o da navega\u00e7\u00e3o completa do projeto com bot\u00f5es entre p\u00e1ginas.<\/p>\n<\/li>\n<li data-start=\"4213\" data-end=\"4274\">\n<p data-start=\"4215\" data-end=\"4274\">Padroniza\u00e7\u00e3o de bot\u00f5es (menu, voltar, avan\u00e7ar, detalhes).<\/p>\n<\/li>\n<li data-start=\"4275\" data-end=\"4348\">\n<p data-start=\"4277\" data-end=\"4348\">Projeto final pronto, interativo e com experi\u00eancia profissional de uso.<\/p>\n<\/li>\n<\/ul>\n<p><strong>Por que escolher o Dashboard Express em Power BI?<\/strong><\/p>\n<p><strong>&#8211; Objetividade e Foco:<\/strong> Aulas diretas e pr\u00e1ticas, desenvolvidas para que voc\u00ea aprenda em poucas horas.<br \/>\n<strong>&#8211; Praticidade:<\/strong> Acompanhe o curso no seu ritmo, com exemplos pr\u00e1ticos e arquivos dispon\u00edveis para download.<br \/>\n<strong>&#8211; Acesso por 6 Meses:<\/strong> Aproveite o conte\u00fado do curso com acesso ilimitado por 6 meses, revisando e praticando sempre que necess\u00e1rio.<br \/>\n<strong>&#8211; Suporte Completo:<\/strong> Receba suporte dedicado durante o per\u00edodo do curso, garantindo que todas as suas d\u00favidas sejam respondidas.<\/p>\n<p>Transforme suas habilidades de an\u00e1lise de dados e aprenda a criar dashboards poderosos com o<strong> Curso Criando Dashboards Profissionais no Power BI: Absente\u00edmo. <\/strong>Inscreva-se agora e domine o Power BI em apenas algumas horas!<\/p>\n","protected":false},"excerpt":{"rendered":"<p>Quer aprender a criar dashboards profissionais no Power BI de forma r\u00e1pida e objetiva? O curso <strong>Criando Dashboards Profissionais no Power BI: Absente\u00edsmo<\/strong>. \u00e9 a solu\u00e7\u00e3o perfeita para voc\u00ea!<\/p>\n","protected":false},"featured_media":7660,"comment_status":"open","ping_status":"closed","template":"","meta":{"site-sidebar-layout":"default","site-content-layout":"default","ast-site-content-layout":"default","site-content-style":"default","site-sidebar-style":"default","ast-global-header-display":"","ast-banner-title-visibility":"","ast-main-header-display":"","ast-hfb-above-header-display":"","ast-hfb-below-header-display":"","ast-hfb-mobile-header-display":"","site-post-title":"","ast-breadcrumbs-content":"","ast-featured-img":"","footer-sml-layout":"","theme-transparent-header-meta":"default","adv-header-id-meta":"","stick-header-meta":"","header-above-stick-meta":"","header-main-stick-meta":"","header-below-stick-meta":"","astra-migrate-meta-layouts":"set","ast-page-background-enabled":"default","ast-page-background-meta":{"desktop":{"background-color":"","background-image":"","background-repeat":"repeat","background-position":"center center","background-size":"auto","background-attachment":"scroll","background-type":"","background-media":"","overlay-type":"","overlay-color":"","overlay-opacity":"","overlay-gradient":""},"tablet":{"background-color":"","background-image":"","background-repeat":"repeat","background-position":"center center","background-size":"auto","background-attachment":"scroll","background-type":"","background-media":"","overlay-type":"","overlay-color":"","overlay-opacity":"","overlay-gradient":""},"mobile":{"background-color":"","background-image":"","background-repeat":"repeat","background-position":"center center","background-size":"auto","background-attachment":"scroll","background-type":"","background-media":"","overlay-type":"","overlay-color":"","overlay-opacity":"","overlay-gradient":""}},"ast-content-background-meta":{"desktop":{"background-color":"var(--ast-global-color-5)","background-image":"","background-repeat":"repeat","background-position":"center center","background-size":"auto","background-attachment":"scroll","background-type":"","background-media":"","overlay-type":"","overlay-color":"","overlay-opacity":"","overlay-gradient":""},"tablet":{"background-color":"var(--ast-global-color-5)","background-image":"","background-repeat":"repeat","background-position":"center center","background-size":"auto","background-attachment":"scroll","background-type":"","background-media":"","overlay-type":"","overlay-color":"","overlay-opacity":"","overlay-gradient":""},"mobile":{"background-color":"var(--ast-global-color-5)","background-image":"","background-repeat":"repeat","background-position":"center center","background-size":"auto","background-attachment":"scroll","background-type":"","background-media":"","overlay-type":"","overlay-color":"","overlay-opacity":"","overlay-gradient":""}}},"product_brand":[],"product_cat":[339,176,990],"product_tag":[2499,2505,2493,1142,2503,2507,1137,2295,2492,2458,193,2502,2506,1138,695,2500,2477,2504,435,2329,797,123,2496,2508,402,1743,2501],"class_list":{"0":"post-7659","1":"product","2":"type-product","3":"status-publish","4":"has-post-thumbnail","6":"product_cat-cursos","7":"product_cat-power-bi","8":"product_cat-recursos-humanos","9":"product_tag-absenteismo","10":"product_tag-absenteismo-por-funcionario","11":"product_tag-absenteismo-por-setor","12":"product_tag-analise-de-absenteismo","13":"product_tag-atrasos","14":"product_tag-botoes-no-power-bi","15":"product_tag-controle-de-absenteismo","16":"product_tag-curso-power-bi-do-zero","17":"product_tag-custo-do-absenteismo","18":"product_tag-dashboard-absenteismo","19":"product_tag-dashboard-rh","20":"product_tag-faltas","21":"product_tag-filtros","22":"product_tag-gestao-de-absenteismo","23":"product_tag-graficos","24":"product_tag-indicador-de-absenteismo","25":"product_tag-indicadores-rh","26":"product_tag-ocorrencias","27":"product_tag-power-bi","28":"product_tag-power-bi-absenteismo","29":"product_tag-projeto-power-bi","30":"product_tag-recursos-humanos","31":"product_tag-relatorio-de-absenteismo","32":"product_tag-relatorio-no-power-bi","33":"product_tag-rh","34":"product_tag-tabela-calendario","35":"product_tag-taxa-de-absenteismo","36":"desktop-align-left","37":"tablet-align-left","38":"mobile-align-left","40":"first","41":"instock","42":"virtual","43":"purchasable","44":"product-type-simple"},"_links":{"self":[{"href":"https:\/\/pacotedeplanilhas.com\/loja\/wp-json\/wp\/v2\/product\/7659","targetHints":{"allow":["GET"]}}],"collection":[{"href":"https:\/\/pacotedeplanilhas.com\/loja\/wp-json\/wp\/v2\/product"}],"about":[{"href":"https:\/\/pacotedeplanilhas.com\/loja\/wp-json\/wp\/v2\/types\/product"}],"replies":[{"embeddable":true,"href":"https:\/\/pacotedeplanilhas.com\/loja\/wp-json\/wp\/v2\/comments?post=7659"}],"version-history":[{"count":1,"href":"https:\/\/pacotedeplanilhas.com\/loja\/wp-json\/wp\/v2\/product\/7659\/revisions"}],"predecessor-version":[{"id":7661,"href":"https:\/\/pacotedeplanilhas.com\/loja\/wp-json\/wp\/v2\/product\/7659\/revisions\/7661"}],"wp:featuredmedia":[{"embeddable":true,"href":"https:\/\/pacotedeplanilhas.com\/loja\/wp-json\/wp\/v2\/media\/7660"}],"wp:attachment":[{"href":"https:\/\/pacotedeplanilhas.com\/loja\/wp-json\/wp\/v2\/media?parent=7659"}],"wp:term":[{"taxonomy":"product_brand","embeddable":true,"href":"https:\/\/pacotedeplanilhas.com\/loja\/wp-json\/wp\/v2\/product_brand?post=7659"},{"taxonomy":"product_cat","embeddable":true,"href":"https:\/\/pacotedeplanilhas.com\/loja\/wp-json\/wp\/v2\/product_cat?post=7659"},{"taxonomy":"product_tag","embeddable":true,"href":"https:\/\/pacotedeplanilhas.com\/loja\/wp-json\/wp\/v2\/product_tag?post=7659"}],"curies":[{"name":"wp","href":"https:\/\/api.w.org\/{rel}","templated":true}]}}