{"id":7754,"date":"2026-02-27T16:00:39","date_gmt":"2026-02-27T19:00:39","guid":{"rendered":"https:\/\/pacotedeplanilhas.com\/loja\/?post_type=product&#038;p=7754"},"modified":"2026-02-27T18:02:15","modified_gmt":"2026-02-27T21:02:15","slug":"dashboard-nao-conformidades-no-power-bi-2-0","status":"publish","type":"product","link":"https:\/\/pacotedeplanilhas.com\/loja\/store\/power-bi\/dashboard-nao-conformidades-no-power-bi-2-0\/","title":{"rendered":"Dashboard N\u00e3o conformidades no Power BI 2.0"},"content":{"rendered":"<p>FA\u00c7A O CONTROLE E ACOMPANHAMENTO DE N\u00c3O CONFORMIDADES DA SUA EMPRESA DE MANEIRA SIMPLES E R\u00c1PIDA.<\/p>\n<p><em><span style=\"font-size: 14pt;\">Funcionalidades<\/span><\/em><\/p>\n<p><em><strong>Cadastros:<\/strong><\/em><\/p>\n<p>\u2013Tipo de ocorr\u00eancia, n\u00edvel cr\u00edtico, setor, respons\u00e1vel;<\/p>\n<p><strong>Lan\u00e7amentos:<\/strong><\/p>\n<p><em>C\u00e9lulas Manuais em branco:<\/em><\/p>\n<p>\u2013C\u00f3d. ocorr\u00eancia, data, tipo de ocorr\u00eancia, n\u00edvel cr\u00edtico, setor, respons\u00e1vel, descri\u00e7\u00e3o da ocorr\u00eancia, impacto no processo (tempo HH:MM), qtd rejeitada qtd sucateada, qtd devolver, qtd retorno estoque, qtd retorno linha de produ\u00e7ao, custo qtd, custo devolu\u00e7\u00e3o, custo preta\u00e7\u00e3o de servi\u00e7os, observa\u00e7\u00e3o;<\/p>\n<p><em>C\u00e9lulas em cinza que tem preenchimento autom\u00e1tico<\/em><\/p>\n<p>\u2013Custo total, Tempo decimal;<\/p>\n<p><strong>Metas:<\/strong><\/p>\n<p>\u2013Data, impacto tempo em horas (decimal), qtd Rejeitada;<\/p>\n<p><span style=\"font-size: 14pt;\"><em>Dashboard Ocorr\u00eancias<\/em><\/span><\/p>\n<p><strong>Valores totais:<\/strong><\/p>\n<p>\u2013Qtd Ocorr\u00eancias, qtd rejeitada, qtd sucateada, qtd devolver, qtd retorno produ\u00e7\u00e3o, qtd retorno estoque;<\/p>\n<p><strong>Gr\u00e1ficos:<\/strong><\/p>\n<p>\u2013Qtd retorno produ\u00e7\u00e3o por m\u00eas, qtd Ocorrencias por setor, qtd Ocorrecias por tipo, qtd Ocorr\u00eacias por Respons\u00e1vel, qtd Ocorr\u00eancias por descri\u00e7\u00e3o;<\/p>\n<p><strong>Os filtros em forma de Segmenta\u00e7\u00e3o de dados:<\/strong><\/p>\n<p>\u2013Ano, m\u00eas, respons\u00e1vel, Setor, nivel cr\u00edtico, ocorr\u00eancia, dia;<\/p>\n<p><span style=\"font-size: 14pt;\"><em>Dashboard Financeiro<\/em><\/span><\/p>\n<p><strong>Valores totais:<\/strong><\/p>\n<p>\u2013Qtd Ocorr\u00eancias, custo total, custo servi\u00e7os, custo operacional, custo devolu\u00e7\u00e3o;<\/p>\n<p><strong>Gr\u00e1ficos:<\/strong><\/p>\n<p>\u2013Custo servi\u00e7os por m\u00eas, custo total por setor, custo total por tipo, custo total por respons\u00e1vel, divis\u00e3o dos custos;<\/p>\n<p><strong>Os filtros em forma de Segmenta\u00e7\u00e3o de dados:<\/strong><\/p>\n<p>\u2013Ano, m\u00eas, respons\u00e1vel, Setor, nivel cr\u00edtico, ocorr\u00eancia, dia;<\/p>\n<p><span style=\"font-size: 14pt;\"><em>Dashboard Performace<\/em><\/span><\/p>\n<p><strong>Valores totais:<\/strong><\/p>\n<p>\u2013Qtd ocorr\u00eancias, impacto no processo, meta impacto no processo, qtd rejeitada, meta qtd rejeitada;<\/p>\n<p><strong>Gr\u00e1ficos:<\/strong><\/p>\n<p>\u2013Qtd rejeitada X meta de qtd Rejeitada por M\u00eas, impacto no processo por m\u00eas<\/p>\n<p><strong>Os filtros em forma de Segmenta\u00e7\u00e3o de dados:<\/strong><\/p>\n<p>\u2013Ano, m\u00eas, respons\u00e1vel, Setor, nivel cr\u00edtico, ocorr\u00eancia, dia;<\/p>\n<p><strong>Planilha 100% edit\u00e1vel<\/strong><\/p>\n<p><strong>PR\u00c9-REQUISITOS:<\/strong><br \/>\nTer qualquer vers\u00e3o do EXCEL instalada no computador.<\/p>\n<p><strong>VANTAGENS:<\/strong><br \/>\nSimplicidade em usar e c\u00e1lculos precisos.<\/p>\n<p><strong>INFORMA\u00c7\u00d5ES \u00daTEIS:<\/strong><br \/>\nSuporte p\u00f3s-venda, via e-mail, para esclarecer quaisquer d\u00favidas que possam surgir. Planilha original, comercializada pelo pr\u00f3prio desenvolvedor.<\/p>\n<p><strong>Video explicativo da planilha:<\/strong><\/p>\n","protected":false},"excerpt":{"rendered":"<p>FA\u00c7A O CONTROLE E ACOMPANHAMENTO DE N\u00c3O CONFORMIDADES DA SUA EMPRESA DE MANEIRA SIMPLES E R\u00c1PIDA.<\/p>\n","protected":false},"featured_media":7755,"comment_status":"open","ping_status":"closed","template":"","meta":{"site-sidebar-layout":"default","site-content-layout":"default","ast-site-content-layout":"default","site-content-style":"default","site-sidebar-style":"default","ast-global-header-display":"","ast-banner-title-visibility":"","ast-main-header-display":"","ast-hfb-above-header-display":"","ast-hfb-below-header-display":"","ast-hfb-mobile-header-display":"","site-post-title":"","ast-breadcrumbs-content":"","ast-featured-img":"","footer-sml-layout":"","theme-transparent-header-meta":"default","adv-header-id-meta":"","stick-header-meta":"","header-above-stick-meta":"","header-main-stick-meta":"","header-below-stick-meta":"","astra-migrate-meta-layouts":"set","ast-page-background-enabled":"default","ast-page-background-meta":{"desktop":{"background-color":"","background-image":"","background-repeat":"repeat","background-position":"center center","background-size":"auto","background-attachment":"scroll","background-type":"","background-media":"","overlay-type":"","overlay-color":"","overlay-opacity":"","overlay-gradient":""},"tablet":{"background-color":"","background-image":"","background-repeat":"repeat","background-position":"center center","background-size":"auto","background-attachment":"scroll","background-type":"","background-media":"","overlay-type":"","overlay-color":"","overlay-opacity":"","overlay-gradient":""},"mobile":{"background-color":"","background-image":"","background-repeat":"repeat","background-position":"center center","background-size":"auto","background-attachment":"scroll","background-type":"","background-media":"","overlay-type":"","overlay-color":"","overlay-opacity":"","overlay-gradient":""}},"ast-content-background-meta":{"desktop":{"background-color":"var(--ast-global-color-5)","background-image":"","background-repeat":"repeat","background-position":"center center","background-size":"auto","background-attachment":"scroll","background-type":"","background-media":"","overlay-type":"","overlay-color":"","overlay-opacity":"","overlay-gradient":""},"tablet":{"background-color":"var(--ast-global-color-5)","background-image":"","background-repeat":"repeat","background-position":"center center","background-size":"auto","background-attachment":"scroll","background-type":"","background-media":"","overlay-type":"","overlay-color":"","overlay-opacity":"","overlay-gradient":""},"mobile":{"background-color":"var(--ast-global-color-5)","background-image":"","background-repeat":"repeat","background-position":"center center","background-size":"auto","background-attachment":"scroll","background-type":"","background-media":"","overlay-type":"","overlay-color":"","overlay-opacity":"","overlay-gradient":""}}},"product_brand":[],"product_cat":[176,992],"product_tag":[2614,1559,2604,2612,1781,424,2613,2609,2603,2615,2611,2616,849,986],"class_list":{"0":"post-7754","1":"product","2":"type-product","3":"status-publish","4":"has-post-thumbnail","6":"product_cat-power-bi","7":"product_cat-producao","8":"product_tag-analise-de-custos-operacionais","9":"product_tag-analise-de-ocorrencias","10":"product_tag-controle-de-nao-conformidades","11":"product_tag-controle-de-qualidade-empresa","12":"product_tag-dashboard-corporativo","13":"product_tag-dashboard-gerencial","14":"product_tag-dashboard-indicadores","15":"product_tag-dashboard-industrial","16":"product_tag-dashboard-nao-conformidades","17":"product_tag-gestao-de-melhorias","18":"product_tag-gestao-de-processos","19":"product_tag-gestao-industrial","20":"product_tag-indicadores-de-performance","21":"product_tag-power-bi-empresarial","22":"desktop-align-left","23":"tablet-align-left","24":"mobile-align-left","26":"first","27":"instock","28":"virtual","29":"purchasable","30":"product-type-simple"},"_links":{"self":[{"href":"https:\/\/pacotedeplanilhas.com\/loja\/wp-json\/wp\/v2\/product\/7754","targetHints":{"allow":["GET"]}}],"collection":[{"href":"https:\/\/pacotedeplanilhas.com\/loja\/wp-json\/wp\/v2\/product"}],"about":[{"href":"https:\/\/pacotedeplanilhas.com\/loja\/wp-json\/wp\/v2\/types\/product"}],"replies":[{"embeddable":true,"href":"https:\/\/pacotedeplanilhas.com\/loja\/wp-json\/wp\/v2\/comments?post=7754"}],"version-history":[{"count":3,"href":"https:\/\/pacotedeplanilhas.com\/loja\/wp-json\/wp\/v2\/product\/7754\/revisions"}],"predecessor-version":[{"id":7764,"href":"https:\/\/pacotedeplanilhas.com\/loja\/wp-json\/wp\/v2\/product\/7754\/revisions\/7764"}],"wp:featuredmedia":[{"embeddable":true,"href":"https:\/\/pacotedeplanilhas.com\/loja\/wp-json\/wp\/v2\/media\/7755"}],"wp:attachment":[{"href":"https:\/\/pacotedeplanilhas.com\/loja\/wp-json\/wp\/v2\/media?parent=7754"}],"wp:term":[{"taxonomy":"product_brand","embeddable":true,"href":"https:\/\/pacotedeplanilhas.com\/loja\/wp-json\/wp\/v2\/product_brand?post=7754"},{"taxonomy":"product_cat","embeddable":true,"href":"https:\/\/pacotedeplanilhas.com\/loja\/wp-json\/wp\/v2\/product_cat?post=7754"},{"taxonomy":"product_tag","embeddable":true,"href":"https:\/\/pacotedeplanilhas.com\/loja\/wp-json\/wp\/v2\/product_tag?post=7754"}],"curies":[{"name":"wp","href":"https:\/\/api.w.org\/{rel}","templated":true}]}}