{"id":7776,"date":"2026-03-04T20:39:05","date_gmt":"2026-03-04T23:39:05","guid":{"rendered":"https:\/\/pacotedeplanilhas.com\/loja\/?post_type=product&#038;p=7776"},"modified":"2026-03-04T21:57:39","modified_gmt":"2026-03-05T00:57:39","slug":"abastecimento-de-frota-1-0-em-power-bi","status":"publish","type":"product","link":"https:\/\/pacotedeplanilhas.com\/loja\/store\/logistica\/abastecimento-de-frota-1-0-em-power-bi\/","title":{"rendered":"Abastecimento de Frota 1.0 em Power BI"},"content":{"rendered":"<p>FA\u00c7A O CONTROLE E ACOMPANHAMENTO DE ABASTECIMENTO DE FROTA DA SUA EMPRESA DE MANEIRA SIMPLES E R\u00c1PIDA.<\/p>\n<p><strong><em>Funcionalidades<\/em><\/strong><\/p>\n<p><strong>Cadastro:<\/strong><\/p>\n<p>\u2013Nome motorista, placa, tipo, departamento, tipo de servi\u00e7o, tipo de combust\u00edvel, tanque de diesil, tanque de arla;<\/p>\n<p><strong>Lan\u00e7amentos Abastecimento Externos<\/strong><\/p>\n<p><span style=\"font-size: 14pt;\"><em>C\u00e9lulas manuais em branco<\/em><\/span><\/p>\n<p>\u2013Data, placa, departamento, nome motorista, servi\u00e7o, origem dos gastos, tipo combust\u00edvel, litros, valor total;<\/p>\n<p><span style=\"font-size: 14pt;\"><em>C\u00e9lulas em cinza que tem preenchimento autom\u00e1tico<\/em><\/span><\/p>\n<p>\u2013Tipo, valor unit\u00e1rio;<\/p>\n<p><strong>Lan\u00e7amentos Abastecimentos Internos<\/strong><\/p>\n<p><span style=\"font-size: 14pt;\"><em>C\u00e9lulas manuais em branco<\/em><\/span><\/p>\n<p>\u2013Ve\u00edculo, data, placa, motorista, combust\u00edvel, fornecedor, quantidade(L);<\/p>\n<p><strong>Lan\u00e7amentos Diesel Interno<\/strong><\/p>\n<p><span style=\"font-size: 14pt;\"><em>C\u00e9lulas manuais em branco<\/em><\/span><\/p>\n<p>\u2013Data do faturamento, data entrada, fornecedor, descri\u00e7\u00e3o, valor nota, valor unit\u00e1rio;<\/p>\n<p><span style=\"font-size: 14pt;\"><em>C\u00e9lulas em cinza que tem preenchimento autom\u00e1tico<\/em><\/span><\/p>\n<p>\u2013Litros;<\/p>\n<p><strong>Lan\u00e7amentos Compra Arla Interno<\/strong><\/p>\n<p><span style=\"font-size: 14pt;\"><em>C\u00e9lulas manuais em branco<\/em><\/span><\/p>\n<p>\u2013Data, fornecedor, descri\u00e7\u00e3o, valor nota, valor unit\u00e1rio compra;<\/p>\n<p><span style=\"font-size: 14pt;\"><em>C\u00e9lulas em cinza que tem preenchimento autom\u00e1tico<\/em><\/span><\/p>\n<p>\u2013Litros;<\/p>\n<p><strong>1- Dashboard Abastecimento Externo<\/strong><\/p>\n<p>Valores totais:<\/p>\n<p>\u2013Quantidade de viagens, quantidade de litros abastecidos, valor total, m\u00e9dia valor por litro;<\/p>\n<p>Gr\u00e1ficos:<\/p>\n<p>\u2013Valor total por m\u00eas, quantidade viagens por tipo, valor da placa, valor por motorista, valor por servi\u00e7o;<\/p>\n<p>Filtros em forma de segmenta\u00e7\u00e3o de dados<\/p>\n<p>\u2013Ano, m\u00eas, placa, servi\u00e7o, departamento, combust\u00edvel, tipo, motorista;<\/p>\n<p><strong>2- Dashboard Abastecimento Interno<\/strong><\/p>\n<p>Valores totais:<\/p>\n<p>\u2013Quantidade de abastecimentos, quantidade litros abastecidos, litros de diesel abastecidos, litros de arla abastecidos;<\/p>\n<p>Gr\u00e1ficos:<\/p>\n<p>\u2013Quantidade litros arla por m\u00eas, quantidade litros por placa, quantidade litros por motorista, abastecimento por motorista, abastecimento por placa, quantidade litros por tipo;<\/p>\n<p>Filtros em forma de segmenta\u00e7\u00e3o de dados<\/p>\n<p>\u2013Ano, m\u00eas, placa, combust\u00edvel, motorista;<\/p>\n<p><strong>3- Dashboard Compras Diesil<\/strong><\/p>\n<p>Valores totais:<\/p>\n<p>\u2013Quantidade de compras, valor pago, quantidade litros comprados, m\u00e9dia litros;<\/p>\n<p>Gr\u00e1ficos:<\/p>\n<p>\u2013Valor pago por m\u00eas, quantidade litros por fornecedor, valor pago por fornecedor, tanque de combust\u00edvel diesel;<\/p>\n<p>Filtros em forma de segmenta\u00e7\u00e3o de dados<\/p>\n<p>\u2013Ano, m\u00eas, fornecedor;<\/p>\n<p><span style=\"font-size: 12pt;\"><strong>4- Dashboard Compras Arla<\/strong><\/span><\/p>\n<p>Valores Totais:<\/p>\n<p>\u2013Quantidade de compras arla, valor pago arla, quantidade litros arla, valor m\u00e9dio;<\/p>\n<p>Gr\u00e1ficos:<\/p>\n<p>\u2013Litros comprados arla por m\u00eas, quantidade litros por fornecedor, valor pago por fornecedor, tanque de combust\u00edvel arla;<\/p>\n<p>Filtros em forma de segmenta\u00e7\u00e3o de dados:<\/p>\n<p>\u2013Ano, m\u00eas, fornecedor;<\/p>\n<p>Planilha 100% edit\u00e1vel<\/p>\n<p>PR\u00c9-REQUISITOS:<br \/>\nTer qualquer vers\u00e3o do EXCEL instalada no computador.<\/p>\n<p>VANTAGENS:<br \/>\nSimplicidade em usar e c\u00e1lculos precisos.<\/p>\n<p>INFORMA\u00c7\u00d5ES \u00daTEIS:<br \/>\nSuporte p\u00f3s-venda, via e-mail, para esclarecer quaisquer d\u00favidas que possam surgir. Planilha original, comercializada pelo pr\u00f3prio desenvolvedor.<\/p>\n<p>Video explicativo da planilha:<\/p>\n<div class=\"ast-oembed-container \" style=\"height: 100%;\"><iframe title=\"Abastecimento de Frota 1.0 em Power BI\" width=\"500\" height=\"375\" src=\"https:\/\/www.youtube.com\/embed\/YfHSqJib0u0?feature=oembed&#038;enablejsapi=1&#038;origin=https:\/\/pacotedeplanilhas.com\" frameborder=\"0\" allow=\"accelerometer; autoplay; clipboard-write; encrypted-media; gyroscope; picture-in-picture; web-share\" referrerpolicy=\"strict-origin-when-cross-origin\" allowfullscreen><\/iframe><\/div>\n","protected":false},"excerpt":{"rendered":"<p>FA\u00c7A O CONTROLE E ACOMPANHAMENTO ABASTECIMENTO DE FROTA DA SUA EMPRESA DE MANEIRA SIMPLES E R\u00c1PIDA.<\/p>\n","protected":false},"featured_media":7786,"comment_status":"open","ping_status":"closed","template":"","meta":{"site-sidebar-layout":"default","site-content-layout":"default","ast-site-content-layout":"default","site-content-style":"default","site-sidebar-style":"default","ast-global-header-display":"","ast-banner-title-visibility":"","ast-main-header-display":"","ast-hfb-above-header-display":"","ast-hfb-below-header-display":"","ast-hfb-mobile-header-display":"","site-post-title":"","ast-breadcrumbs-content":"","ast-featured-img":"","footer-sml-layout":"","theme-transparent-header-meta":"default","adv-header-id-meta":"","stick-header-meta":"","header-above-stick-meta":"","header-main-stick-meta":"","header-below-stick-meta":"","astra-migrate-meta-layouts":"set","ast-page-background-enabled":"default","ast-page-background-meta":{"desktop":{"background-color":"","background-image":"","background-repeat":"repeat","background-position":"center center","background-size":"auto","background-attachment":"scroll","background-type":"","background-media":"","overlay-type":"","overlay-color":"","overlay-opacity":"","overlay-gradient":""},"tablet":{"background-color":"","background-image":"","background-repeat":"repeat","background-position":"center center","background-size":"auto","background-attachment":"scroll","background-type":"","background-media":"","overlay-type":"","overlay-color":"","overlay-opacity":"","overlay-gradient":""},"mobile":{"background-color":"","background-image":"","background-repeat":"repeat","background-position":"center center","background-size":"auto","background-attachment":"scroll","background-type":"","background-media":"","overlay-type":"","overlay-color":"","overlay-opacity":"","overlay-gradient":""}},"ast-content-background-meta":{"desktop":{"background-color":"var(--ast-global-color-5)","background-image":"","background-repeat":"repeat","background-position":"center center","background-size":"auto","background-attachment":"scroll","background-type":"","background-media":"","overlay-type":"","overlay-color":"","overlay-opacity":"","overlay-gradient":""},"tablet":{"background-color":"var(--ast-global-color-5)","background-image":"","background-repeat":"repeat","background-position":"center center","background-size":"auto","background-attachment":"scroll","background-type":"","background-media":"","overlay-type":"","overlay-color":"","overlay-opacity":"","overlay-gradient":""},"mobile":{"background-color":"var(--ast-global-color-5)","background-image":"","background-repeat":"repeat","background-position":"center center","background-size":"auto","background-attachment":"scroll","background-type":"","background-media":"","overlay-type":"","overlay-color":"","overlay-opacity":"","overlay-gradient":""}}},"product_brand":[],"product_cat":[989,176],"product_tag":[2619,2623,2621,280,2374,2620,285,2622,278,2231,2618,2350,445,668,2624,2564,744,2313],"class_list":{"0":"post-7776","1":"product","2":"type-product","3":"status-publish","4":"has-post-thumbnail","6":"product_cat-logistica","7":"product_cat-power-bi","8":"product_tag-abastecimento-de-veiculos","9":"product_tag-analise-de-combustivel","10":"product_tag-consumo-de-combustivel-frota","11":"product_tag-controle-de-abastecimento","12":"product_tag-controle-de-abastecimento-frota","13":"product_tag-controle-de-arla","14":"product_tag-controle-de-combustivel","15":"product_tag-controle-de-custos-frota","16":"product_tag-controle-de-diesel","17":"product_tag-dashboard-empresarial","18":"product_tag-dashboard-frota","19":"product_tag-dashboard-logistica","20":"product_tag-gestao-de-frota","21":"product_tag-gestao-de-transporte","22":"product_tag-gestao-operacional-frota","23":"product_tag-indicadores-de-frota","24":"product_tag-indicadores-logisticos","25":"product_tag-power-bi-logistica","26":"desktop-align-left","27":"tablet-align-left","28":"mobile-align-left","30":"first","31":"instock","32":"shipping-taxable","33":"purchasable","34":"product-type-simple"},"_links":{"self":[{"href":"https:\/\/pacotedeplanilhas.com\/loja\/wp-json\/wp\/v2\/product\/7776","targetHints":{"allow":["GET"]}}],"collection":[{"href":"https:\/\/pacotedeplanilhas.com\/loja\/wp-json\/wp\/v2\/product"}],"about":[{"href":"https:\/\/pacotedeplanilhas.com\/loja\/wp-json\/wp\/v2\/types\/product"}],"replies":[{"embeddable":true,"href":"https:\/\/pacotedeplanilhas.com\/loja\/wp-json\/wp\/v2\/comments?post=7776"}],"version-history":[{"count":2,"href":"https:\/\/pacotedeplanilhas.com\/loja\/wp-json\/wp\/v2\/product\/7776\/revisions"}],"predecessor-version":[{"id":7788,"href":"https:\/\/pacotedeplanilhas.com\/loja\/wp-json\/wp\/v2\/product\/7776\/revisions\/7788"}],"wp:featuredmedia":[{"embeddable":true,"href":"https:\/\/pacotedeplanilhas.com\/loja\/wp-json\/wp\/v2\/media\/7786"}],"wp:attachment":[{"href":"https:\/\/pacotedeplanilhas.com\/loja\/wp-json\/wp\/v2\/media?parent=7776"}],"wp:term":[{"taxonomy":"product_brand","embeddable":true,"href":"https:\/\/pacotedeplanilhas.com\/loja\/wp-json\/wp\/v2\/product_brand?post=7776"},{"taxonomy":"product_cat","embeddable":true,"href":"https:\/\/pacotedeplanilhas.com\/loja\/wp-json\/wp\/v2\/product_cat?post=7776"},{"taxonomy":"product_tag","embeddable":true,"href":"https:\/\/pacotedeplanilhas.com\/loja\/wp-json\/wp\/v2\/product_tag?post=7776"}],"curies":[{"name":"wp","href":"https:\/\/api.w.org\/{rel}","templated":true}]}}