{"id":779,"date":"2021-01-21T16:41:21","date_gmt":"2021-01-21T19:41:21","guid":{"rendered":"https:\/\/pacotedeplanilhas.com\/loja\/index.php\/produto\/planilha-controle-e-escala-de-trabalho-copia\/"},"modified":"2025-07-26T08:22:11","modified_gmt":"2025-07-26T11:22:11","slug":"planilha-folha-de-pagamento","status":"publish","type":"product","link":"https:\/\/pacotedeplanilhas.com\/loja\/store\/planilhas-em-excel\/planilha-folha-de-pagamento\/","title":{"rendered":"Planilha Folha de pagamento RH"},"content":{"rendered":"<h4>Planilha Folha de pagamento RH<\/h4>\n<p>Com a planilha de folha de pagamento a sua empresa ou \u00e1rea de Recursos humanos vai ganhar muito tempo. Esta planilha foi elabora de uma forma para agilizar o trabalho do operador e sair com as informa\u00e7\u00f5es praticamente prontas. A planilha \u00e9 divida em 6 etapas onde algumas s\u00e3o inser\u00e7\u00e3o de informa\u00e7\u00f5es e outras an\u00e1lise de dados, com um Dashboard totalmente din\u00e2mico e detalhado em rela\u00e7\u00e3o a algumas informa\u00e7\u00f5es da planilha.<\/p>\n<h4>V\u00eddeo explicativo da planilha<\/h4>\n<p>&nbsp;<\/p>\n<div class=\"ast-oembed-container \" style=\"height: 100%;\"><iframe title=\"Planilha Dashboard Folha de pagamento RH (Recursos Humanos)\" width=\"500\" height=\"281\" src=\"https:\/\/www.youtube.com\/embed\/RwTXv697svo?feature=oembed\" frameborder=\"0\" allow=\"accelerometer; autoplay; clipboard-write; encrypted-media; gyroscope; picture-in-picture; web-share\" referrerpolicy=\"strict-origin-when-cross-origin\" allowfullscreen><\/iframe><\/div>\n<h3>Ap\u00f3s a compra e processamento de pagamento, a planilha \u00e9 disponibilizada de imediato para download.<\/h3>\n<p>&nbsp;<\/p>\n<p>&nbsp;<\/p>\n","protected":false},"excerpt":{"rendered":"<h4>Planilha Folha de pagamento RH<\/h4>\n<p>Com a planilha de folha de pagamento a sua empresa ou \u00e1rea de Recursos humanos vai ganhar muito tempo. Esta planilha foi elabora de uma forma para agilizar o trabalho do operador e sair com as informa\u00e7\u00f5es praticamente prontas. A planilha \u00e9 divida em 6 etapas onde algumas s\u00e3o inser\u00e7\u00e3o de informa\u00e7\u00f5es e outras an\u00e1lise de dados, com um Dashboard totalmente din\u00e2mico e detalhado em rela\u00e7\u00e3o a algumas informa\u00e7\u00f5es da planilha.<\/p>\n<h4>Conte\u00fado da planilha:<\/h4>\n<ul>\n<li>In\u00edcio;<\/li>\n<li>Cadastro de funcion\u00e1rios;<\/li>\n<li>Lan\u00e7amentos;<\/li>\n<li>Resultados<\/li>\n<li>Folha de pagamento<\/li>\n<li>Dashboard<\/li>\n<\/ul>\n<p>&nbsp;<\/p>\n<h3>Ap\u00f3s a compra e processamento de pagamento, a planilha \u00e9 disponibilizada de imediato para download.<\/h3>\n","protected":false},"featured_media":5715,"comment_status":"open","ping_status":"closed","template":"","meta":{"site-sidebar-layout":"default","site-content-layout":"default","ast-site-content-layout":"","site-content-style":"default","site-sidebar-style":"default","ast-global-header-display":"","ast-banner-title-visibility":"","ast-main-header-display":"","ast-hfb-above-header-display":"","ast-hfb-below-header-display":"","ast-hfb-mobile-header-display":"","site-post-title":"","ast-breadcrumbs-content":"","ast-featured-img":"","footer-sml-layout":"","theme-transparent-header-meta":"default","adv-header-id-meta":"","stick-header-meta":"","header-above-stick-meta":"","header-main-stick-meta":"","header-below-stick-meta":"","astra-migrate-meta-layouts":"default","ast-page-background-enabled":"default","ast-page-background-meta":{"desktop":{"background-color":"","background-image":"","background-repeat":"repeat","background-position":"center center","background-size":"auto","background-attachment":"scroll","background-type":"","background-media":"","overlay-type":"","overlay-color":"","overlay-opacity":"","overlay-gradient":""},"tablet":{"background-color":"","background-image":"","background-repeat":"repeat","background-position":"center center","background-size":"auto","background-attachment":"scroll","background-type":"","background-media":"","overlay-type":"","overlay-color":"","overlay-opacity":"","overlay-gradient":""},"mobile":{"background-color":"","background-image":"","background-repeat":"repeat","background-position":"center center","background-size":"auto","background-attachment":"scroll","background-type":"","background-media":"","overlay-type":"","overlay-color":"","overlay-opacity":"","overlay-gradient":""}},"ast-content-background-meta":{"desktop":{"background-color":"var(--ast-global-color-5)","background-image":"","background-repeat":"repeat","background-position":"center center","background-size":"auto","background-attachment":"scroll","background-type":"","background-media":"","overlay-type":"","overlay-color":"","overlay-opacity":"","overlay-gradient":""},"tablet":{"background-color":"var(--ast-global-color-5)","background-image":"","background-repeat":"repeat","background-position":"center center","background-size":"auto","background-attachment":"scroll","background-type":"","background-media":"","overlay-type":"","overlay-color":"","overlay-opacity":"","overlay-gradient":""},"mobile":{"background-color":"var(--ast-global-color-5)","background-image":"","background-repeat":"repeat","background-position":"center center","background-size":"auto","background-attachment":"scroll","background-type":"","background-media":"","overlay-type":"","overlay-color":"","overlay-opacity":"","overlay-gradient":""}}},"product_brand":[],"product_cat":[120,990],"product_tag":[147,148,149,150,151,152,153,154,155,156,157,158,159,160,161,162,163,164,165,132,133,166,167,168,169,170],"class_list":{"0":"post-779","1":"product","2":"type-product","3":"status-publish","4":"has-post-thumbnail","6":"product_cat-planilhas-em-excel","7":"product_cat-recursos-humanos","8":"product_tag-administracao","9":"product_tag-business","10":"product_tag-coach","11":"product_tag-design","12":"product_tag-divulgacao","13":"product_tag-empreendedor","14":"product_tag-empreendedorismo","15":"product_tag-estrategias","16":"product_tag-financas","17":"product_tag-financas-pessoais","18":"product_tag-livro","19":"product_tag-marketing","20":"product_tag-marketingdigital","21":"product_tag-marketingmultinivel","22":"product_tag-marketingonline","23":"product_tag-mkt","24":"product_tag-mktdigital","25":"product_tag-negocios","26":"product_tag-planilha-gratis","27":"product_tag-planilhas","28":"product_tag-planilhas-financeiras","29":"product_tag-propaganda","30":"product_tag-publicidade","31":"product_tag-sucesso-empreender","32":"product_tag-vendas","33":"product_tag-vendasonline","34":"desktop-align-left","35":"tablet-align-left","36":"mobile-align-left","38":"first","39":"instock","40":"virtual","41":"purchasable","42":"product-type-simple"},"_links":{"self":[{"href":"https:\/\/pacotedeplanilhas.com\/loja\/wp-json\/wp\/v2\/product\/779","targetHints":{"allow":["GET"]}}],"collection":[{"href":"https:\/\/pacotedeplanilhas.com\/loja\/wp-json\/wp\/v2\/product"}],"about":[{"href":"https:\/\/pacotedeplanilhas.com\/loja\/wp-json\/wp\/v2\/types\/product"}],"replies":[{"embeddable":true,"href":"https:\/\/pacotedeplanilhas.com\/loja\/wp-json\/wp\/v2\/comments?post=779"}],"version-history":[{"count":1,"href":"https:\/\/pacotedeplanilhas.com\/loja\/wp-json\/wp\/v2\/product\/779\/revisions"}],"predecessor-version":[{"id":3287,"href":"https:\/\/pacotedeplanilhas.com\/loja\/wp-json\/wp\/v2\/product\/779\/revisions\/3287"}],"wp:featuredmedia":[{"embeddable":true,"href":"https:\/\/pacotedeplanilhas.com\/loja\/wp-json\/wp\/v2\/media\/5715"}],"wp:attachment":[{"href":"https:\/\/pacotedeplanilhas.com\/loja\/wp-json\/wp\/v2\/media?parent=779"}],"wp:term":[{"taxonomy":"product_brand","embeddable":true,"href":"https:\/\/pacotedeplanilhas.com\/loja\/wp-json\/wp\/v2\/product_brand?post=779"},{"taxonomy":"product_cat","embeddable":true,"href":"https:\/\/pacotedeplanilhas.com\/loja\/wp-json\/wp\/v2\/product_cat?post=779"},{"taxonomy":"product_tag","embeddable":true,"href":"https:\/\/pacotedeplanilhas.com\/loja\/wp-json\/wp\/v2\/product_tag?post=779"}],"curies":[{"name":"wp","href":"https:\/\/api.w.org\/{rel}","templated":true}]}}