{"id":7797,"date":"2026-03-07T20:36:56","date_gmt":"2026-03-07T23:36:56","guid":{"rendered":"https:\/\/pacotedeplanilhas.com\/loja\/?post_type=product&#038;p=7797"},"modified":"2026-03-07T20:45:17","modified_gmt":"2026-03-07T23:45:17","slug":"curso-do-zero-ao-dashboard-no-power-bi-controle-de-estoque","status":"publish","type":"product","link":"https:\/\/pacotedeplanilhas.com\/loja\/store\/comercial\/curso-do-zero-ao-dashboard-no-power-bi-controle-de-estoque\/","title":{"rendered":"Curso do zero ao Dashboard no Power BI: Controle de Estoque"},"content":{"rendered":"<h2>Curso do zero ao Dashboard no Power BI: Controle de Estoque<\/h2>\n<p>&nbsp;<\/p>\n<p>Quer aprender a criar dashboards profissionais no Power BI de forma r\u00e1pida e objetiva? O Curso do zero ao Dashboard no Power BI: Controle de Estoque. \u00e9 a solu\u00e7\u00e3o perfeita para voc\u00ea! Desenvolvido para quem deseja se tornar um expert em visualiza\u00e7\u00e3o de dados e dashboards, este curso \u00e9 focado em ensinar tudo o que voc\u00ea precisa saber para criar dashboards controle de acidentes impressionantes no Power BI, de maneira pr\u00e1tica e direta.<\/p>\n<h3>O que voc\u00ea vai aprender?<\/h3>\n<p>O curso \u00e9 dividido em doze partes, cada um projetado para fornecer conhecimento e habilidades essenciais para criar o projeto no Power BI. Veja o que voc\u00ea aprender\u00e1 em cada m\u00f3dulo:<\/p>\n<h3 data-section-id=\"c3vm7b\" data-start=\"705\" data-end=\"759\">Parte 1 &#8211; Conhecendo a Base de dados Estoque.mp4<\/h3>\n<ul data-start=\"760\" data-end=\"965\">\n<li data-section-id=\"1b0kr71\" data-start=\"760\" data-end=\"805\">\n<p data-start=\"762\" data-end=\"805\">Apresenta\u00e7\u00e3o da base de dados do estoque.<\/p>\n<\/li>\n<li data-section-id=\"ag7hup\" data-start=\"806\" data-end=\"900\">\n<p data-start=\"808\" data-end=\"900\">Entendimento das colunas principais (produto, movimenta\u00e7\u00e3o, datas, quantidades e valores).<\/p>\n<\/li>\n<li data-section-id=\"eocizh\" data-start=\"901\" data-end=\"965\">\n<p data-start=\"903\" data-end=\"965\">Vis\u00e3o geral do projeto e dos dashboards que ser\u00e3o constru\u00eddos.<\/p>\n<\/li>\n<\/ul>\n<h3 data-section-id=\"15219ty\" data-start=\"967\" data-end=\"1028\">Parte 2 &#8211; Fazendo o tratamento dos Dados &#8211; Estoques.mp4<\/h3>\n<ul data-start=\"1029\" data-end=\"1217\">\n<li data-section-id=\"1p0wawy\" data-start=\"1029\" data-end=\"1084\">\n<p data-start=\"1031\" data-end=\"1084\">Tratamento e padroniza\u00e7\u00e3o dos dados no Power Query.<\/p>\n<\/li>\n<li data-section-id=\"1jjxbhm\" data-start=\"1085\" data-end=\"1159\">\n<p data-start=\"1087\" data-end=\"1159\">Ajustes de tipos (data, texto, n\u00fameros) e corre\u00e7\u00e3o de inconsist\u00eancias.<\/p>\n<\/li>\n<li data-section-id=\"18xgbku\" data-start=\"1160\" data-end=\"1217\">\n<p data-start=\"1162\" data-end=\"1217\">Prepara\u00e7\u00e3o da base para modelagem e cria\u00e7\u00e3o de medidas.<\/p>\n<\/li>\n<\/ul>\n<h3 data-section-id=\"j4crl9\" data-start=\"1219\" data-end=\"1278\">Parte 3 &#8211; Crinado a tabela DCalendario &#8211; Estoques.mp4<\/h3>\n<ul data-start=\"1279\" data-end=\"1461\">\n<li data-section-id=\"663xxl\" data-start=\"1279\" data-end=\"1341\">\n<p data-start=\"1281\" data-end=\"1341\">Cria\u00e7\u00e3o e configura\u00e7\u00e3o da tabela calend\u00e1rio (DCalendario).<\/p>\n<\/li>\n<li data-section-id=\"iqtvxp\" data-start=\"1342\" data-end=\"1401\">\n<p data-start=\"1344\" data-end=\"1401\">Colunas de tempo (Ano, M\u00eas, M\u00eas\/Ano, Trimestre e Data).<\/p>\n<\/li>\n<li data-section-id=\"b3m1qu\" data-start=\"1402\" data-end=\"1461\">\n<p data-start=\"1404\" data-end=\"1461\">Relacionamento com as tabelas de estoque e movimenta\u00e7\u00f5es.<\/p>\n<\/li>\n<\/ul>\n<h3 data-section-id=\"r9rdh3\" data-start=\"1463\" data-end=\"1509\">Parte 4 &#8211; Criando Medidas do Projeto.mp4<\/h3>\n<ul data-start=\"1510\" data-end=\"1710\">\n<li data-section-id=\"ndjlwt\" data-start=\"1510\" data-end=\"1577\">\n<p data-start=\"1512\" data-end=\"1577\">Cria\u00e7\u00e3o das principais medidas em DAX para controle de estoque.<\/p>\n<\/li>\n<li data-section-id=\"1si1sjc\" data-start=\"1578\" data-end=\"1650\">\n<p data-start=\"1580\" data-end=\"1650\">Indicadores como entradas, sa\u00eddas, saldo\/estoque atual e acumulados.<\/p>\n<\/li>\n<li data-section-id=\"gg6cgv\" data-start=\"1651\" data-end=\"1710\">\n<p data-start=\"1653\" data-end=\"1710\">Prepara\u00e7\u00e3o das medidas para cards, gr\u00e1ficos e relat\u00f3rios.<\/p>\n<\/li>\n<\/ul>\n<h3 data-section-id=\"1w21qg2\" data-start=\"1712\" data-end=\"1760\">Parte 5 &#8211; Colocando o fundo no Projeto.mp4<\/h3>\n<ul data-start=\"1761\" data-end=\"1937\">\n<li data-section-id=\"nclrri\" data-start=\"1761\" data-end=\"1821\">\n<p data-start=\"1763\" data-end=\"1821\">Inser\u00e7\u00e3o do layout visual do dashboard (plano de fundo).<\/p>\n<\/li>\n<li data-section-id=\"brdjeh\" data-start=\"1822\" data-end=\"1893\">\n<p data-start=\"1824\" data-end=\"1893\">Ajuste de identidade visual, cores, shapes e organiza\u00e7\u00e3o do painel.<\/p>\n<\/li>\n<li data-section-id=\"1bsawgs\" data-start=\"1894\" data-end=\"1937\">\n<p data-start=\"1896\" data-end=\"1937\">Estrutura\u00e7\u00e3o do padr\u00e3o visual do projeto.<\/p>\n<\/li>\n<\/ul>\n<h3 data-section-id=\"974hmm\" data-start=\"1939\" data-end=\"1997\">Parte 6 &#8211; Criando os cards superiores do projeto.mp4<\/h3>\n<ul data-start=\"1998\" data-end=\"2187\">\n<li data-section-id=\"1qwny43\" data-start=\"1998\" data-end=\"2058\">\n<p data-start=\"2000\" data-end=\"2058\">Constru\u00e7\u00e3o dos cards de resumo (KPIs) no topo do painel.<\/p>\n<\/li>\n<li data-section-id=\"ekhx60\" data-start=\"2059\" data-end=\"2145\">\n<p data-start=\"2061\" data-end=\"2145\">Destaque de indicadores principais (estoque atual, entradas, sa\u00eddas, itens, etc.).<\/p>\n<\/li>\n<li data-section-id=\"2sijqx\" data-start=\"2146\" data-end=\"2187\">\n<p data-start=\"2148\" data-end=\"2187\">Ajustes de formata\u00e7\u00e3o e leitura r\u00e1pida.<\/p>\n<\/li>\n<\/ul>\n<h3 data-section-id=\"eckxoh\" data-start=\"2189\" data-end=\"2226\">Parte 7 &#8211; Dashboard Estoque.mp4<\/h3>\n<ul data-start=\"2227\" data-end=\"2398\">\n<li data-section-id=\"1s1gk0r\" data-start=\"2227\" data-end=\"2271\">\n<p data-start=\"2229\" data-end=\"2271\">Montagem do painel principal de estoque.<\/p>\n<\/li>\n<li data-section-id=\"bd86af\" data-start=\"2272\" data-end=\"2344\">\n<p data-start=\"2274\" data-end=\"2344\">Gr\u00e1ficos e an\u00e1lises para acompanhar saldo, movimenta\u00e7\u00f5es e evolu\u00e7\u00e3o.<\/p>\n<\/li>\n<li data-section-id=\"1qokli1\" data-start=\"2345\" data-end=\"2398\">\n<p data-start=\"2347\" data-end=\"2398\">Organiza\u00e7\u00e3o para vis\u00e3o executiva e vis\u00e3o anal\u00edtica.<\/p>\n<\/li>\n<\/ul>\n<h3 data-section-id=\"1gb6q69\" data-start=\"2400\" data-end=\"2437\">Parte 8 &#8211; Painel de Filtros.mp4<\/h3>\n<ul data-start=\"2438\" data-end=\"2630\">\n<li data-section-id=\"7izfri\" data-start=\"2438\" data-end=\"2499\">\n<p data-start=\"2440\" data-end=\"2499\">Cria\u00e7\u00e3o de um painel dedicado para filtros\/segmentadores.<\/p>\n<\/li>\n<li data-section-id=\"h746ct\" data-start=\"2500\" data-end=\"2583\">\n<p data-start=\"2502\" data-end=\"2583\">Filtros por per\u00edodo, produto, categoria, fornecedor, tipo de movimenta\u00e7\u00e3o, etc.<\/p>\n<\/li>\n<li data-section-id=\"r9uy4h\" data-start=\"2584\" data-end=\"2630\">\n<p data-start=\"2586\" data-end=\"2630\">Melhor usabilidade e navega\u00e7\u00e3o do dashboard.<\/p>\n<\/li>\n<\/ul>\n<h3 data-section-id=\"q7fgxj\" data-start=\"2632\" data-end=\"2681\">Parte 9 &#8211; Colocando Icones no Dashboard.mp4<\/h3>\n<ul data-start=\"2682\" data-end=\"2850\">\n<li data-section-id=\"724jfq\" data-start=\"2682\" data-end=\"2748\">\n<p data-start=\"2684\" data-end=\"2748\">Inser\u00e7\u00e3o de \u00edcones e elementos visuais para melhorar o layout.<\/p>\n<\/li>\n<li data-section-id=\"twsfhc\" data-start=\"2749\" data-end=\"2810\">\n<p data-start=\"2751\" data-end=\"2810\">Padroniza\u00e7\u00e3o visual e refor\u00e7o de leitura dos indicadores.<\/p>\n<\/li>\n<li data-section-id=\"fvumz7\" data-start=\"2811\" data-end=\"2850\">\n<p data-start=\"2813\" data-end=\"2850\">Acabamento profissional do dashboard.<\/p>\n<\/li>\n<\/ul>\n<h3 data-section-id=\"16kgk43\" data-start=\"2852\" data-end=\"2893\">Parte 10 &#8211; Dashboard de Entrada.mp4<\/h3>\n<ul data-start=\"2894\" data-end=\"3087\">\n<li data-section-id=\"15g22df\" data-start=\"2894\" data-end=\"2958\">\n<p data-start=\"2896\" data-end=\"2958\">Constru\u00e7\u00e3o de um painel espec\u00edfico para an\u00e1lise de entradas.<\/p>\n<\/li>\n<li data-section-id=\"1a5l8vz\" data-start=\"2959\" data-end=\"3028\">\n<p data-start=\"2961\" data-end=\"3028\">Indicadores de entrada por per\u00edodo, produto, categoria e ranking.<\/p>\n<\/li>\n<li data-section-id=\"1rhfzbo\" data-start=\"3029\" data-end=\"3087\">\n<p data-start=\"3031\" data-end=\"3087\">Visuais focados em controle de reposi\u00e7\u00e3o e recebimentos.<\/p>\n<\/li>\n<\/ul>\n<h3 data-section-id=\"985n31\" data-start=\"3089\" data-end=\"3136\">Parte 11 &#8211; Criando Dashboard de Sa\u00edda.mp4<\/h3>\n<ul data-start=\"3137\" data-end=\"3333\">\n<li data-section-id=\"1gcbj4b\" data-start=\"3137\" data-end=\"3191\">\n<p data-start=\"3139\" data-end=\"3191\">Cria\u00e7\u00e3o do painel espec\u00edfico de sa\u00eddas de estoque.<\/p>\n<\/li>\n<li data-section-id=\"171hhj7\" data-start=\"3192\" data-end=\"3258\">\n<p data-start=\"3194\" data-end=\"3258\">Indicadores de consumo\/vendas\/retiradas por per\u00edodo e produto.<\/p>\n<\/li>\n<li data-section-id=\"gt5x0b\" data-start=\"3259\" data-end=\"3333\">\n<p data-start=\"3261\" data-end=\"3333\">An\u00e1lises para identificar itens com maior giro e comportamento de sa\u00edda.<\/p>\n<\/li>\n<\/ul>\n<h3 data-section-id=\"onl770\" data-start=\"3335\" data-end=\"3377\">Parte 12 &#8211; Dashboard de Produtos.mp4<\/h3>\n<ul data-start=\"3378\" data-end=\"3574\">\n<li data-section-id=\"142am08\" data-start=\"3378\" data-end=\"3449\">\n<p data-start=\"3380\" data-end=\"3449\">Montagem do dashboard final focado no cadastro\/an\u00e1lise de produtos.<\/p>\n<\/li>\n<li data-section-id=\"7jjcwr\" data-start=\"3450\" data-end=\"3521\">\n<p data-start=\"3452\" data-end=\"3521\">Vis\u00e3o por item: saldo, entradas, sa\u00eddas, comportamento e tend\u00eancia.<\/p>\n<\/li>\n<li data-section-id=\"k3t1ie\" data-start=\"3522\" data-end=\"3574\">\n<p data-start=\"3524\" data-end=\"3574\">P\u00e1gina completa para consulta e tomada de decis\u00e3o.<\/p>\n<\/li>\n<\/ul>\n<p><strong>Por que escolher o Dashboard Express em Power BI?<\/strong><\/p>\n<p><strong>&#8211; Objetividade e Foco:<\/strong> Aulas diretas e pr\u00e1ticas, desenvolvidas para que voc\u00ea aprenda em poucas horas.<br \/>\n<strong>&#8211; Praticidade:<\/strong> Acompanhe o curso no seu ritmo, com exemplos pr\u00e1ticos e arquivos dispon\u00edveis para download.<br \/>\n<strong>&#8211; Acesso por 6 Meses:<\/strong> Aproveite o conte\u00fado do curso com acesso ilimitado por 6 meses, revisando e praticando sempre que necess\u00e1rio.<br \/>\n<strong>&#8211; Suporte Completo:<\/strong> Receba suporte dedicado durante o per\u00edodo do curso, garantindo que todas as suas d\u00favidas sejam respondidas.<\/p>\n<p>Transforme suas habilidades de an\u00e1lise de dados e aprenda a criar dashboards poderosos com o<strong><span style=\"font-size: 18pt;\"><span style=\"font-size: 14pt;\"> Curso do zero ao Dashboard no Power BI: Controle de Estoque<\/span><\/span>. <\/strong>Inscreva-se agora e domine o Power BI em apenas algumas horas!<\/p>\n","protected":false},"excerpt":{"rendered":"<p><span style=\"font-size: 18pt;\"><strong>Curso do zero ao Dashboard no Power BI: Controle de Estoque<\/strong><\/span><\/p>\n","protected":false},"featured_media":7798,"comment_status":"open","ping_status":"closed","template":"","meta":{"site-sidebar-layout":"default","site-content-layout":"default","ast-site-content-layout":"default","site-content-style":"default","site-sidebar-style":"default","ast-global-header-display":"","ast-banner-title-visibility":"","ast-main-header-display":"","ast-hfb-above-header-display":"","ast-hfb-below-header-display":"","ast-hfb-mobile-header-display":"","site-post-title":"","ast-breadcrumbs-content":"","ast-featured-img":"","footer-sml-layout":"","theme-transparent-header-meta":"default","adv-header-id-meta":"","stick-header-meta":"","header-above-stick-meta":"","header-main-stick-meta":"","header-below-stick-meta":"","astra-migrate-meta-layouts":"set","ast-page-background-enabled":"default","ast-page-background-meta":{"desktop":{"background-color":"","background-image":"","background-repeat":"repeat","background-position":"center center","background-size":"auto","background-attachment":"scroll","background-type":"","background-media":"","overlay-type":"","overlay-color":"","overlay-opacity":"","overlay-gradient":""},"tablet":{"background-color":"","background-image":"","background-repeat":"repeat","background-position":"center center","background-size":"auto","background-attachment":"scroll","background-type":"","background-media":"","overlay-type":"","overlay-color":"","overlay-opacity":"","overlay-gradient":""},"mobile":{"background-color":"","background-image":"","background-repeat":"repeat","background-position":"center center","background-size":"auto","background-attachment":"scroll","background-type":"","background-media":"","overlay-type":"","overlay-color":"","overlay-opacity":"","overlay-gradient":""}},"ast-content-background-meta":{"desktop":{"background-color":"var(--ast-global-color-5)","background-image":"","background-repeat":"repeat","background-position":"center center","background-size":"auto","background-attachment":"scroll","background-type":"","background-media":"","overlay-type":"","overlay-color":"","overlay-opacity":"","overlay-gradient":""},"tablet":{"background-color":"var(--ast-global-color-5)","background-image":"","background-repeat":"repeat","background-position":"center center","background-size":"auto","background-attachment":"scroll","background-type":"","background-media":"","overlay-type":"","overlay-color":"","overlay-opacity":"","overlay-gradient":""},"mobile":{"background-color":"var(--ast-global-color-5)","background-image":"","background-repeat":"repeat","background-position":"center center","background-size":"auto","background-attachment":"scroll","background-type":"","background-media":"","overlay-type":"","overlay-color":"","overlay-opacity":"","overlay-gradient":""}}},"product_brand":[],"product_cat":[998,339,176],"product_tag":[2650,2644,2549,607,2295,2645,2647,2646,2636,566,2546,2548,2639,2638,2635,1692,760,2642,1797,2652,2648,2637,2649,1742,1722,2640,2651,435,1285,797,1371,2643,2641,2551,1743,2547],"class_list":{"0":"post-7797","1":"product","2":"type-product","3":"status-publish","4":"has-post-thumbnail","6":"product_cat-comercial","7":"product_cat-cursos","8":"product_cat-power-bi","9":"product_tag-acumulado","10":"product_tag-analise-de-produtos","11":"product_tag-cards-power-bi","12":"product_tag-controle-de-estoque","13":"product_tag-curso-power-bi-do-zero","14":"product_tag-dashboard-de-entrada","15":"product_tag-dashboard-de-produtos","16":"product_tag-dashboard-de-saida","17":"product_tag-dashboard-estoque","18":"product_tag-dashboard-interativo","19":"product_tag-dax","20":"product_tag-dcalendario","21":"product_tag-entradas-e-saidas","22":"product_tag-estoque-atual","23":"product_tag-estoques","24":"product_tag-filtros-no-power-bi","25":"product_tag-gestao-de-estoque","26":"product_tag-giro-de-estoque","27":"product_tag-graficos-power-bi","28":"product_tag-icones-no-dashboard","29":"product_tag-indicadores-de-estoque","30":"product_tag-inventario","31":"product_tag-kpi-estoque","32":"product_tag-medidas-dax","33":"product_tag-modelagem-de-dados","34":"product_tag-movimentacao-de-estoque","35":"product_tag-painel-de-filtros","36":"product_tag-power-bi","37":"product_tag-power-query","38":"product_tag-projeto-power-bi","39":"product_tag-relatorio-de-estoque","40":"product_tag-reposicao-de-estoque","41":"product_tag-saldo-de-estoque","42":"product_tag-segmentadores","43":"product_tag-tabela-calendario","44":"product_tag-tratamento-de-dados","45":"desktop-align-left","46":"tablet-align-left","47":"mobile-align-left","49":"first","50":"instock","51":"virtual","52":"purchasable","53":"product-type-simple"},"_links":{"self":[{"href":"https:\/\/pacotedeplanilhas.com\/loja\/wp-json\/wp\/v2\/product\/7797","targetHints":{"allow":["GET"]}}],"collection":[{"href":"https:\/\/pacotedeplanilhas.com\/loja\/wp-json\/wp\/v2\/product"}],"about":[{"href":"https:\/\/pacotedeplanilhas.com\/loja\/wp-json\/wp\/v2\/types\/product"}],"replies":[{"embeddable":true,"href":"https:\/\/pacotedeplanilhas.com\/loja\/wp-json\/wp\/v2\/comments?post=7797"}],"version-history":[{"count":2,"href":"https:\/\/pacotedeplanilhas.com\/loja\/wp-json\/wp\/v2\/product\/7797\/revisions"}],"predecessor-version":[{"id":7800,"href":"https:\/\/pacotedeplanilhas.com\/loja\/wp-json\/wp\/v2\/product\/7797\/revisions\/7800"}],"wp:featuredmedia":[{"embeddable":true,"href":"https:\/\/pacotedeplanilhas.com\/loja\/wp-json\/wp\/v2\/media\/7798"}],"wp:attachment":[{"href":"https:\/\/pacotedeplanilhas.com\/loja\/wp-json\/wp\/v2\/media?parent=7797"}],"wp:term":[{"taxonomy":"product_brand","embeddable":true,"href":"https:\/\/pacotedeplanilhas.com\/loja\/wp-json\/wp\/v2\/product_brand?post=7797"},{"taxonomy":"product_cat","embeddable":true,"href":"https:\/\/pacotedeplanilhas.com\/loja\/wp-json\/wp\/v2\/product_cat?post=7797"},{"taxonomy":"product_tag","embeddable":true,"href":"https:\/\/pacotedeplanilhas.com\/loja\/wp-json\/wp\/v2\/product_tag?post=7797"}],"curies":[{"name":"wp","href":"https:\/\/api.w.org\/{rel}","templated":true}]}}