{"id":7842,"date":"2026-03-27T20:52:47","date_gmt":"2026-03-27T23:52:47","guid":{"rendered":"https:\/\/pacotedeplanilhas.com\/loja\/?post_type=product&#038;p=7842"},"modified":"2026-03-27T21:42:56","modified_gmt":"2026-03-28T00:42:56","slug":"planilha-de-manutencao-e-operacao-de-equipamentos-1-0","status":"publish","type":"product","link":"https:\/\/pacotedeplanilhas.com\/loja\/store\/manutencao\/planilha-de-manutencao-e-operacao-de-equipamentos-1-0\/","title":{"rendered":"Planilha de Manuten\u00e7\u00e3o e Opera\u00e7\u00e3o de Equipamentos 1.0"},"content":{"rendered":"<p>FA\u00c7A O CONTROLE E ACOMPANHAMENTO DA MANUTEN\u00c7\u00c3O E OPERA\u00c7\u00c3O DE EQUIPAMENTO DA SUA EMPRESA DE MANEIRA SIMPLES E R\u00c1PIDA.<\/p>\n<p>Funcionalidades:<\/p>\n<p>Cadastros<\/p>\n<p>\u2013Tipo, imagem, equipamento(marca-modelo), imagem, fornecedor;<\/p>\n<p>Lan\u00e7amentos Opera\u00e7\u00e3o<\/p>\n<p>C\u00e9lulas manuais em branco<\/p>\n<p>\u2013Data, lote, cidade, equipamento(marca-modelo), Ht &#8211; in\u00edcio, Ht &#8211; fim, abastecimento(LTS), valor(R$), KM &#8211; Inicio, KM &#8211; Final, N\u00b0 Viagem;<\/p>\n<p>C\u00e9lulas em cinza com preenchimento autom\u00e1tico<\/p>\n<p>\u2013HT &#8211; Total, total, total KM, m\u00eas, ano;<\/p>\n<p>Dashboard Operacional<\/p>\n<p>Valores Totais<\/p>\n<p>\u2013Quantidade de opera\u00e7\u00f5es, valor total, litros abastecidos, horas opera\u00e7\u00e3o;<\/p>\n<p>Gr\u00e1ficos<\/p>\n<p>\u2013Quantidade de\u00a0 opera\u00e7\u00f5es por m\u00eas, opera\u00e7\u00f5es por equipamento, valor por equipamento, combust\u00edvel por equipamento, opera\u00e7\u00f5es por cidade;<\/p>\n<p>Filtros em forma de segmenta\u00e7\u00e3o de dados<\/p>\n<p>\u2013Ano, m\u00eas, equipamento(marca-modelo), cidade;<\/p>\n<p>Lan\u00e7amentos manuten\u00e7\u00e3o<\/p>\n<p>C\u00e9lulas manuais em branco<\/p>\n<p>\u2013Data, equipamento, fornecedor, data de entrega, motivo da manuten\u00e7\u00e3o, custo da manuten\u00e7\u00e3o, obs;<\/p>\n<p>C\u00e9lulas em cinza com preenchimento autom\u00e1tico<\/p>\n<p>\u2013M\u00eas, ano;<\/p>\n<p>Dashboard Manuten\u00e7\u00e3o<\/p>\n<p>Valores Totais<\/p>\n<p>\u2013Quantidade manuten\u00e7\u00f5es, valor total;<\/p>\n<p>Gr\u00e1ficos<\/p>\n<p>\u2013Quantidade de manuten\u00e7\u00f5es por m\u00eas, manuten\u00e7\u00f5es por equipamento, valor gasto por equipamento, manuten\u00e7\u00f5es por fornecedor, valor gasto por fornecedor;<\/p>\n<p>Filtros em forma de segmenta\u00e7\u00e3o de dados<\/p>\n<p>\u2013Ano, m\u00eas, equipamento, fornecedor, motivo da manuten\u00e7\u00e3o;<\/p>\n<p>\u2013 Planilha 100% edit\u00e1vel \u2013 Apenas s\u00e3o bloqueadas as c\u00e9lulas das formulas, para garantir o funcionamento da automa\u00e7\u00e3o;<\/p>\n<p>PR\u00c9-REQUISITOS:<br \/>\nTer qualquer vers\u00e3o do EXCEL instalada no computador.<\/p>\n<p>VANTAGENS:<br \/>\nSimplicidade em usar e c\u00e1lculos precisos.<\/p>\n<p>INFORMA\u00c7\u00d5ES \u00daTEIS:<br \/>\nSuporte p\u00f3s-venda, via e-mail, para esclarecer quaisquer d\u00favidas que possam surgir.<br \/>\nPlanilha original, comercializada pelo pr\u00f3prio desenvolvedor.<\/p>\n<p>Video explicativo da planilha:<\/p>\n<div class=\"ast-oembed-container \" style=\"height: 100%;\"><iframe title=\"Planilha de Manuten\u00e7\u00e3o e Opera\u00e7\u00e3o de Equipamentos 1.0\" width=\"500\" height=\"375\" src=\"https:\/\/www.youtube.com\/embed\/2cPyYLKlIVM?feature=oembed&#038;enablejsapi=1&#038;origin=https:\/\/pacotedeplanilhas.com\" frameborder=\"0\" allow=\"accelerometer; autoplay; clipboard-write; encrypted-media; gyroscope; picture-in-picture; web-share\" referrerpolicy=\"strict-origin-when-cross-origin\" allowfullscreen><\/iframe><\/div>\n","protected":false},"excerpt":{"rendered":"<p>FA\u00c7A O CONTROLE E ACOMPANHAMENTO DA MANUTEN\u00c7\u00c3O E OPERA\u00c7\u00c3O DE EQUIPAMENTO DA SUA EMPRESA DE MANEIRA SIMPLES E R\u00c1PIDA.<\/p>\n","protected":false},"featured_media":7843,"comment_status":"open","ping_status":"closed","template":"","meta":{"site-sidebar-layout":"default","site-content-layout":"default","ast-site-content-layout":"default","site-content-style":"default","site-sidebar-style":"default","ast-global-header-display":"","ast-banner-title-visibility":"","ast-main-header-display":"","ast-hfb-above-header-display":"","ast-hfb-below-header-display":"","ast-hfb-mobile-header-display":"","site-post-title":"","ast-breadcrumbs-content":"","ast-featured-img":"","footer-sml-layout":"","theme-transparent-header-meta":"default","adv-header-id-meta":"","stick-header-meta":"","header-above-stick-meta":"","header-main-stick-meta":"","header-below-stick-meta":"","astra-migrate-meta-layouts":"set","ast-page-background-enabled":"default","ast-page-background-meta":{"desktop":{"background-color":"","background-image":"","background-repeat":"repeat","background-position":"center center","background-size":"auto","background-attachment":"scroll","background-type":"","background-media":"","overlay-type":"","overlay-color":"","overlay-opacity":"","overlay-gradient":""},"tablet":{"background-color":"","background-image":"","background-repeat":"repeat","background-position":"center center","background-size":"auto","background-attachment":"scroll","background-type":"","background-media":"","overlay-type":"","overlay-color":"","overlay-opacity":"","overlay-gradient":""},"mobile":{"background-color":"","background-image":"","background-repeat":"repeat","background-position":"center center","background-size":"auto","background-attachment":"scroll","background-type":"","background-media":"","overlay-type":"","overlay-color":"","overlay-opacity":"","overlay-gradient":""}},"ast-content-background-meta":{"desktop":{"background-color":"var(--ast-global-color-5)","background-image":"","background-repeat":"repeat","background-position":"center center","background-size":"auto","background-attachment":"scroll","background-type":"","background-media":"","overlay-type":"","overlay-color":"","overlay-opacity":"","overlay-gradient":""},"tablet":{"background-color":"var(--ast-global-color-5)","background-image":"","background-repeat":"repeat","background-position":"center center","background-size":"auto","background-attachment":"scroll","background-type":"","background-media":"","overlay-type":"","overlay-color":"","overlay-opacity":"","overlay-gradient":""},"mobile":{"background-color":"var(--ast-global-color-5)","background-image":"","background-repeat":"repeat","background-position":"center center","background-size":"auto","background-attachment":"scroll","background-type":"","background-media":"","overlay-type":"","overlay-color":"","overlay-opacity":"","overlay-gradient":""}}},"product_brand":[],"product_cat":[993,120],"product_tag":[2687,2087,2686,2692,188,2086,2690,2688,2090,2691,2689],"class_list":{"0":"post-7842","1":"product","2":"type-product","3":"status-publish","4":"has-post-thumbnail","6":"product_cat-manutencao","7":"product_cat-planilhas-em-excel","8":"product_tag-controle-de-equipamentos-excel","9":"product_tag-controle-de-frota-excel","10":"product_tag-controle-de-manutencao-excel","11":"product_tag-controle-equipamentos","12":"product_tag-dashboard-manutencao","13":"product_tag-dashboard-manutencao-excel","14":"product_tag-dashboard-operacional-excel","15":"product_tag-gestao-de-manutencao-excel","16":"product_tag-manutencao-preventiva-excel","17":"product_tag-planilha-controle-equipamentos","18":"product_tag-planilha-manutencao-equipamentos","19":"desktop-align-left","20":"tablet-align-left","21":"mobile-align-left","23":"first","24":"instock","25":"virtual","26":"purchasable","27":"product-type-simple"},"_links":{"self":[{"href":"https:\/\/pacotedeplanilhas.com\/loja\/wp-json\/wp\/v2\/product\/7842","targetHints":{"allow":["GET"]}}],"collection":[{"href":"https:\/\/pacotedeplanilhas.com\/loja\/wp-json\/wp\/v2\/product"}],"about":[{"href":"https:\/\/pacotedeplanilhas.com\/loja\/wp-json\/wp\/v2\/types\/product"}],"replies":[{"embeddable":true,"href":"https:\/\/pacotedeplanilhas.com\/loja\/wp-json\/wp\/v2\/comments?post=7842"}],"version-history":[{"count":3,"href":"https:\/\/pacotedeplanilhas.com\/loja\/wp-json\/wp\/v2\/product\/7842\/revisions"}],"predecessor-version":[{"id":7851,"href":"https:\/\/pacotedeplanilhas.com\/loja\/wp-json\/wp\/v2\/product\/7842\/revisions\/7851"}],"wp:featuredmedia":[{"embeddable":true,"href":"https:\/\/pacotedeplanilhas.com\/loja\/wp-json\/wp\/v2\/media\/7843"}],"wp:attachment":[{"href":"https:\/\/pacotedeplanilhas.com\/loja\/wp-json\/wp\/v2\/media?parent=7842"}],"wp:term":[{"taxonomy":"product_brand","embeddable":true,"href":"https:\/\/pacotedeplanilhas.com\/loja\/wp-json\/wp\/v2\/product_brand?post=7842"},{"taxonomy":"product_cat","embeddable":true,"href":"https:\/\/pacotedeplanilhas.com\/loja\/wp-json\/wp\/v2\/product_cat?post=7842"},{"taxonomy":"product_tag","embeddable":true,"href":"https:\/\/pacotedeplanilhas.com\/loja\/wp-json\/wp\/v2\/product_tag?post=7842"}],"curies":[{"name":"wp","href":"https:\/\/api.w.org\/{rel}","templated":true}]}}