{"id":802,"date":"2021-01-22T10:56:08","date_gmt":"2021-01-22T13:56:08","guid":{"rendered":"https:\/\/pacotedeplanilhas.com\/loja\/index.php\/produto\/planilha-de-apuracao-de-horas-extras-de-funcionario\/"},"modified":"2024-09-03T12:49:53","modified_gmt":"2024-09-03T15:49:53","slug":"planilha-de-apuracao-de-horas-extras-de-funcionario","status":"publish","type":"product","link":"https:\/\/pacotedeplanilhas.com\/loja\/store\/planilhas-em-excel\/planilha-de-apuracao-de-horas-extras-de-funcionario\/","title":{"rendered":"Planilha De Apura\u00e7\u00e3o De Horas Extras De Funcion\u00e1rio"},"content":{"rendered":"<h4>Planilha De Apura\u00e7\u00e3o De Horas Extras De Funcion\u00e1rio<\/h4>\n<p>Com a planilha de apura\u00e7\u00e3o de horas extras a sua empresa ou \u00e1rea de Recursos humanos vai ganhar muito tempo. Esta planilha foi elabora de uma forma para agilizar o trabalho do operador e sair com as informa\u00e7\u00f5es praticamente prontas. A planilha \u00e9 divida em 7 etapas onde algumas s\u00e3o inser\u00e7\u00e3o de informa\u00e7\u00f5es e outras an\u00e1lise de dados, com um Dashboard totalmente din\u00e2mico e detalhado em rela\u00e7\u00e3o a algumas informa\u00e7\u00f5es da planilha.<\/p>\n<h4>V\u00eddeo explicativo da planilha<\/h4>\n<p>&nbsp;<\/p>\n<div class=\"ast-oembed-container \" style=\"height: 100%;\"><iframe title=\"Planilha Dashboard de Apura\u00e7\u00e3o de horas extras de funcion\u00e1rios RH\" width=\"500\" height=\"281\" src=\"https:\/\/www.youtube.com\/embed\/v9rcqhgroDo?feature=oembed\" frameborder=\"0\" allow=\"accelerometer; autoplay; clipboard-write; encrypted-media; gyroscope; picture-in-picture; web-share\" referrerpolicy=\"strict-origin-when-cross-origin\" allowfullscreen><\/iframe><\/div>\n<h3>Ap\u00f3s a compra e processamento de pagamento, a planilha \u00e9 disponibilizada de imediato para download.<\/h3>\n<p>&nbsp;<\/p>\n<p>&nbsp;<\/p>\n","protected":false},"excerpt":{"rendered":"<h4>Planilha De Apura\u00e7\u00e3o De Horas Extras De Funcion\u00e1rio<\/h4>\n<p>Com a planilha de apura\u00e7\u00e3o de horas extras a sua empresa ou \u00e1rea de Recursos humanos vai ganhar muito tempo. Esta planilha foi elabora de uma forma para agilizar o trabalho do operador e sair com as informa\u00e7\u00f5es praticamente prontas. A planilha \u00e9 divida em 7 etapas onde algumas s\u00e3o inser\u00e7\u00e3o de informa\u00e7\u00f5es e outras an\u00e1lise de dados, com um Dashboard totalmente din\u00e2mico e detalhado em rela\u00e7\u00e3o a algumas informa\u00e7\u00f5es da planilha.<\/p>\n<h4>Conte\u00fado da planilha:<\/h4>\n<ul>\n<li>In\u00edcio;<\/li>\n<li>Lan\u00e7amento de informa\u00e7\u00f5es mensais;<\/li>\n<li>Resultados;<\/li>\n<li>Gr\u00e1ficos de apoio<\/li>\n<li>Relat\u00f3rio de impress\u00e3o<\/li>\n<li>Folha de ponto<\/li>\n<li>Dashboard<\/li>\n<\/ul>\n<h3>Ap\u00f3s a compra e processamento de pagamento, a planilha \u00e9 disponibilizada de imediato para download.<\/h3>\n","protected":false},"featured_media":5716,"comment_status":"open","ping_status":"closed","template":"","meta":{"site-sidebar-layout":"default","site-content-layout":"default","ast-site-content-layout":"","site-content-style":"default","site-sidebar-style":"default","ast-global-header-display":"","ast-banner-title-visibility":"","ast-main-header-display":"","ast-hfb-above-header-display":"","ast-hfb-below-header-display":"","ast-hfb-mobile-header-display":"","site-post-title":"","ast-breadcrumbs-content":"","ast-featured-img":"","footer-sml-layout":"","theme-transparent-header-meta":"default","adv-header-id-meta":"","stick-header-meta":"","header-above-stick-meta":"","header-main-stick-meta":"","header-below-stick-meta":"","astra-migrate-meta-layouts":"default","ast-page-background-enabled":"default","ast-page-background-meta":{"desktop":{"background-color":"","background-image":"","background-repeat":"repeat","background-position":"center center","background-size":"auto","background-attachment":"scroll","background-type":"","background-media":"","overlay-type":"","overlay-color":"","overlay-opacity":"","overlay-gradient":""},"tablet":{"background-color":"","background-image":"","background-repeat":"repeat","background-position":"center center","background-size":"auto","background-attachment":"scroll","background-type":"","background-media":"","overlay-type":"","overlay-color":"","overlay-opacity":"","overlay-gradient":""},"mobile":{"background-color":"","background-image":"","background-repeat":"repeat","background-position":"center center","background-size":"auto","background-attachment":"scroll","background-type":"","background-media":"","overlay-type":"","overlay-color":"","overlay-opacity":"","overlay-gradient":""}},"ast-content-background-meta":{"desktop":{"background-color":"var(--ast-global-color-5)","background-image":"","background-repeat":"repeat","background-position":"center center","background-size":"auto","background-attachment":"scroll","background-type":"","background-media":"","overlay-type":"","overlay-color":"","overlay-opacity":"","overlay-gradient":""},"tablet":{"background-color":"var(--ast-global-color-5)","background-image":"","background-repeat":"repeat","background-position":"center center","background-size":"auto","background-attachment":"scroll","background-type":"","background-media":"","overlay-type":"","overlay-color":"","overlay-opacity":"","overlay-gradient":""},"mobile":{"background-color":"var(--ast-global-color-5)","background-image":"","background-repeat":"repeat","background-position":"center center","background-size":"auto","background-attachment":"scroll","background-type":"","background-media":"","overlay-type":"","overlay-color":"","overlay-opacity":"","overlay-gradient":""}}},"product_brand":[],"product_cat":[120,990],"product_tag":[124,122,123],"class_list":{"0":"post-802","1":"product","2":"type-product","3":"status-publish","4":"has-post-thumbnail","6":"product_cat-planilhas-em-excel","7":"product_cat-recursos-humanos","8":"product_tag-dashboard","9":"product_tag-empresarial","10":"product_tag-recursos-humanos","11":"desktop-align-left","12":"tablet-align-left","13":"mobile-align-left","15":"first","16":"instock","17":"virtual","18":"purchasable","19":"product-type-simple"},"_links":{"self":[{"href":"https:\/\/pacotedeplanilhas.com\/loja\/wp-json\/wp\/v2\/product\/802","targetHints":{"allow":["GET"]}}],"collection":[{"href":"https:\/\/pacotedeplanilhas.com\/loja\/wp-json\/wp\/v2\/product"}],"about":[{"href":"https:\/\/pacotedeplanilhas.com\/loja\/wp-json\/wp\/v2\/types\/product"}],"replies":[{"embeddable":true,"href":"https:\/\/pacotedeplanilhas.com\/loja\/wp-json\/wp\/v2\/comments?post=802"}],"version-history":[{"count":1,"href":"https:\/\/pacotedeplanilhas.com\/loja\/wp-json\/wp\/v2\/product\/802\/revisions"}],"predecessor-version":[{"id":5492,"href":"https:\/\/pacotedeplanilhas.com\/loja\/wp-json\/wp\/v2\/product\/802\/revisions\/5492"}],"wp:featuredmedia":[{"embeddable":true,"href":"https:\/\/pacotedeplanilhas.com\/loja\/wp-json\/wp\/v2\/media\/5716"}],"wp:attachment":[{"href":"https:\/\/pacotedeplanilhas.com\/loja\/wp-json\/wp\/v2\/media?parent=802"}],"wp:term":[{"taxonomy":"product_brand","embeddable":true,"href":"https:\/\/pacotedeplanilhas.com\/loja\/wp-json\/wp\/v2\/product_brand?post=802"},{"taxonomy":"product_cat","embeddable":true,"href":"https:\/\/pacotedeplanilhas.com\/loja\/wp-json\/wp\/v2\/product_cat?post=802"},{"taxonomy":"product_tag","embeddable":true,"href":"https:\/\/pacotedeplanilhas.com\/loja\/wp-json\/wp\/v2\/product_tag?post=802"}],"curies":[{"name":"wp","href":"https:\/\/api.w.org\/{rel}","templated":true}]}}