{"id":821,"date":"2021-01-22T11:22:44","date_gmt":"2021-01-22T14:22:44","guid":{"rendered":"https:\/\/pacotedeplanilhas.com\/loja\/index.php\/produto\/planilha-de-fluxo-de-caixa-empresarial\/"},"modified":"2024-09-03T12:55:55","modified_gmt":"2024-09-03T15:55:55","slug":"planilha-de-fluxo-de-caixa-empresarial","status":"publish","type":"product","link":"https:\/\/pacotedeplanilhas.com\/loja\/store\/financeiro\/planilha-de-fluxo-de-caixa-empresarial\/","title":{"rendered":"Planilha De Fluxo De Caixa Empresarial"},"content":{"rendered":"<h4>Planilha De Fluxo De Caixa Empresarial<\/h4>\n<p>O que \u00e9 fluxo de caixa? Se resume em movimentos de entradas e sa\u00eddas financeiras durante determinado per\u00edodo. Saber sobre fluxo de caixa \u00e9 de estrema import\u00e2ncia para sa\u00fade financeira da empresa. Sobre fluxo operacional, est\u00e1 ligado a como o neg\u00f3cio funciona, quais tipos de servi\u00e7os a empresa oferece, agendamento de servi\u00e7os, quem s\u00e3o os clientes, tudo relacionado a atividade fim da empresa. Essa planilha oferece<\/p>\n<h4>V\u00eddeo explicativo da planilha<\/h4>\n<p>&nbsp;<\/p>\n<div class=\"ast-oembed-container \" style=\"height: 100%;\"><iframe title=\"Planilha Dashboard de Gest\u00e3o financeira para pequenas e m\u00e9dias empresas\" width=\"500\" height=\"281\" src=\"https:\/\/www.youtube.com\/embed\/Wi6gJGkqj0s?feature=oembed\" frameborder=\"0\" allow=\"accelerometer; autoplay; clipboard-write; encrypted-media; gyroscope; picture-in-picture; web-share\" referrerpolicy=\"strict-origin-when-cross-origin\" allowfullscreen><\/iframe><\/div>\n<p>&nbsp;<\/p>\n<h3>Ap\u00f3s a compra e processamento de pagamento, a planilha \u00e9 disponibilizada de imediato para download.<\/h3>\n","protected":false},"excerpt":{"rendered":"<h4>Planilha De Fluxo De Caixa Empresarial<\/h4>\n<p>O que \u00e9 fluxo de caixa? Se resume em movimentos de entradas e sa\u00eddas financeiras durante determinado per\u00edodo. Saber sobre fluxo de caixa \u00e9 de estrema import\u00e2ncia para sa\u00fade financeira da empresa. Sobre fluxo operacional, est\u00e1 ligado a como o neg\u00f3cio funciona, quais tipos de servi\u00e7os a empresa oferece, agendamento de servi\u00e7os, quem s\u00e3o os clientes, tudo relacionado a atividade fim da empresa.<\/p>\n<h4>Conte\u00fado da planilha:<\/h4>\n<p>LAN\u00c7AMENTOS<br \/>\n-Contas a pagar<br \/>\n-Contas a receber<\/p>\n<p>CADASTROS<br \/>\n-Cadastro de receitas de vendas, servi\u00e7os e outros.<br \/>\n-Despesas<br \/>\n-Clientes e fornecedores<br \/>\n-Cadastro de contas<br \/>\n-Metas<\/p>\n<p>RELAT\u00d3RIOS<br \/>\n-Fluxo de caixa di\u00e1rio<br \/>\n-Fluxo de caixa mensal<br \/>\n-Capital de giro<br \/>\n-DRE<br \/>\n-Dashboard<\/p>\n<p>PLANILHA RECOMENDADA PARA:<br \/>\n-Micro empreendedor individual<br \/>\n-Micro e pequenas empresas<br \/>\n-Vendedores aut\u00f4nomos<br \/>\n-M\u00e9dias empresas<\/p>\n<h3>Ap\u00f3s a compra e processamento de pagamento, a planilha \u00e9 disponibilizada de imediato para download.<\/h3>\n","protected":false},"featured_media":5718,"comment_status":"open","ping_status":"closed","template":"","meta":{"site-sidebar-layout":"default","site-content-layout":"default","ast-site-content-layout":"","site-content-style":"default","site-sidebar-style":"default","ast-global-header-display":"","ast-banner-title-visibility":"","ast-main-header-display":"","ast-hfb-above-header-display":"","ast-hfb-below-header-display":"","ast-hfb-mobile-header-display":"","site-post-title":"","ast-breadcrumbs-content":"","ast-featured-img":"","footer-sml-layout":"","theme-transparent-header-meta":"default","adv-header-id-meta":"","stick-header-meta":"","header-above-stick-meta":"","header-main-stick-meta":"","header-below-stick-meta":"","astra-migrate-meta-layouts":"default","ast-page-background-enabled":"default","ast-page-background-meta":{"desktop":{"background-color":"","background-image":"","background-repeat":"repeat","background-position":"center center","background-size":"auto","background-attachment":"scroll","background-type":"","background-media":"","overlay-type":"","overlay-color":"","overlay-opacity":"","overlay-gradient":""},"tablet":{"background-color":"","background-image":"","background-repeat":"repeat","background-position":"center center","background-size":"auto","background-attachment":"scroll","background-type":"","background-media":"","overlay-type":"","overlay-color":"","overlay-opacity":"","overlay-gradient":""},"mobile":{"background-color":"","background-image":"","background-repeat":"repeat","background-position":"center center","background-size":"auto","background-attachment":"scroll","background-type":"","background-media":"","overlay-type":"","overlay-color":"","overlay-opacity":"","overlay-gradient":""}},"ast-content-background-meta":{"desktop":{"background-color":"var(--ast-global-color-5)","background-image":"","background-repeat":"repeat","background-position":"center center","background-size":"auto","background-attachment":"scroll","background-type":"","background-media":"","overlay-type":"","overlay-color":"","overlay-opacity":"","overlay-gradient":""},"tablet":{"background-color":"var(--ast-global-color-5)","background-image":"","background-repeat":"repeat","background-position":"center center","background-size":"auto","background-attachment":"scroll","background-type":"","background-media":"","overlay-type":"","overlay-color":"","overlay-opacity":"","overlay-gradient":""},"mobile":{"background-color":"var(--ast-global-color-5)","background-image":"","background-repeat":"repeat","background-position":"center center","background-size":"auto","background-attachment":"scroll","background-type":"","background-media":"","overlay-type":"","overlay-color":"","overlay-opacity":"","overlay-gradient":""}}},"product_brand":[],"product_cat":[991,120],"product_tag":[124,122,125],"class_list":{"0":"post-821","1":"product","2":"type-product","3":"status-publish","4":"has-post-thumbnail","6":"product_cat-financeiro","7":"product_cat-planilhas-em-excel","8":"product_tag-dashboard","9":"product_tag-empresarial","10":"product_tag-financeiro","11":"desktop-align-left","12":"tablet-align-left","13":"mobile-align-left","15":"first","16":"instock","17":"virtual","18":"purchasable","19":"product-type-simple"},"_links":{"self":[{"href":"https:\/\/pacotedeplanilhas.com\/loja\/wp-json\/wp\/v2\/product\/821","targetHints":{"allow":["GET"]}}],"collection":[{"href":"https:\/\/pacotedeplanilhas.com\/loja\/wp-json\/wp\/v2\/product"}],"about":[{"href":"https:\/\/pacotedeplanilhas.com\/loja\/wp-json\/wp\/v2\/types\/product"}],"replies":[{"embeddable":true,"href":"https:\/\/pacotedeplanilhas.com\/loja\/wp-json\/wp\/v2\/comments?post=821"}],"version-history":[{"count":1,"href":"https:\/\/pacotedeplanilhas.com\/loja\/wp-json\/wp\/v2\/product\/821\/revisions"}],"predecessor-version":[{"id":3286,"href":"https:\/\/pacotedeplanilhas.com\/loja\/wp-json\/wp\/v2\/product\/821\/revisions\/3286"}],"wp:featuredmedia":[{"embeddable":true,"href":"https:\/\/pacotedeplanilhas.com\/loja\/wp-json\/wp\/v2\/media\/5718"}],"wp:attachment":[{"href":"https:\/\/pacotedeplanilhas.com\/loja\/wp-json\/wp\/v2\/media?parent=821"}],"wp:term":[{"taxonomy":"product_brand","embeddable":true,"href":"https:\/\/pacotedeplanilhas.com\/loja\/wp-json\/wp\/v2\/product_brand?post=821"},{"taxonomy":"product_cat","embeddable":true,"href":"https:\/\/pacotedeplanilhas.com\/loja\/wp-json\/wp\/v2\/product_cat?post=821"},{"taxonomy":"product_tag","embeddable":true,"href":"https:\/\/pacotedeplanilhas.com\/loja\/wp-json\/wp\/v2\/product_tag?post=821"}],"curies":[{"name":"wp","href":"https:\/\/api.w.org\/{rel}","templated":true}]}}